{"id":3556,"date":"2026-01-16T10:41:42","date_gmt":"2026-01-16T09:41:42","guid":{"rendered":"https:\/\/staging251020.contreforme.ch\/datenschutzerklaerung\/"},"modified":"2026-05-04T13:01:04","modified_gmt":"2026-05-04T11:01:04","slug":"datenschutzerklaerung","status":"publish","type":"page","link":"https:\/\/cappuccino.ch\/de\/datenschutzerklaerung\/","title":{"rendered":"Datenschutzerkl\u00e4rung"},"content":{"rendered":"<div class=\"et_pb_section_0 et_pb_section et_section_regular et_flex_section preset--module--divi-section--8mlsyqpt2w\">\n<div class=\"et_pb_row_0 et_pb_row et_flex_row\">\n<div class=\"et_pb_column_0 et_pb_column et-last-child et_flex_column et_pb_css_mix_blend_mode_passthrough et_flex_column_24_24 et_flex_column_24_24_tablet et_flex_column_24_24_phone\">\n<div class=\"et_pb_text_0 et_pb_text et_pb_bg_layout_light et_pb_module et_flex_module preset--module--divi-text--default\"><div class=\"et_pb_text_inner\"><h1>Datenschutzerkl\u00e4rung<\/h1>\n<\/div><\/div>\n<\/div>\n<\/div>\n<\/div>\n\n<div class=\"et_pb_section_1 et_pb_section et_section_regular et_flex_section\">\n<div class=\"et_pb_row_1 et_pb_row et_flex_row\">\n<div class=\"et_pb_column_1 et_pb_column et_flex_column et_pb_css_mix_blend_mode_passthrough et_flex_column_2_5 et_flex_column_2_5_tablet et_flex_column_24_24_phone\">\n<div class=\"dipi_table_of_content_0 dipi_table_of_content et_pb_bg_layout_light et_pb_module\">\n                <div class=\"dipi-toc open\" data-dipi-toc=eyJoZWFkaW5nVGFncyI6Im9mZnxvbnxvbnxvbnxvbnxvZmYiLCJnZW5lcmF0ZUZvcldob2xlUGFnZSI6Im9uIiwiZXhjbHVkZV9zZWxlY3RvciI6IiIsImNvbnRhaW5lcl9leGNsdWRlX3NlbGVjdG9yIjoiIiwic2VjdGlvblNlbGVjdG9yIjoiIiwic2ltcGxpZnlfdGl0bGVfaWQiOiJvZmYiLCJzaG93X2xpc3RfbnVtYmVycyI6Im9mZiIsInNob3dfemVyb19wcmVmaXgiOiJvbiIsInNjcm9sbF9vZmZzZXQiOiIxMDB8MTAwfDEwMCIsIm9yZGVyX2NsYXNzIjoiZGlwaV90YWJsZV9vZl9jb250ZW50XzAiLCJjb2xsYXBzaWJsZSI6Im9mZiIsImljb24iOiIkIn0=>\n                    <div class=\"dipi-toc__title\">\n                <h2>\n                    \n                    <span class=\"dipi-toc_header-content\">Table Of Content<\/span>\n                <\/h2>\n            <\/div>\n                    <div class=\"dipi-toc__collapse\">\n                        <div class=\"dipi-toc__list\"><\/div>\n                    <\/div>\n                <\/div><\/div>\n<\/div>\n\n<div class=\"et_pb_column_2 et_pb_column et-last-child et_flex_column et_pb_css_mix_blend_mode_passthrough et_flex_column_24_24 et_flex_column_24_24_tablet et_flex_column_24_24_phone\">\n<div class=\"et_pb_text_1 et_pb_text et_pb_bg_layout_light et_pb_module et_flex_module preset--module--divi-text--default\"><div class=\"et_pb_text_inner\"><h3 id=\"dipi-toc-_1-informations-sur-la-protection-des-donnes0\">1. Informationen zum Datenschutz<\/h3>\n<p>Cappuccino SA legt gro\u00dfen Wert auf den Schutz und die Vertraulichkeit personenbezogener Daten und verpflichtet sich, in \u00dcbereinstimmung mit den geltenden Datenschutzbestimmungen das h\u00f6chste Sicherheitsniveau f\u00fcr Ihre Informationen zu gew\u00e4hrleisten. Durch die Nutzung der Website cappuccino.ch, herausgegeben von Cappuccino SA, einer im Handelsregister des Kantons Neuenburg in der Schweiz unter der Nr. CHE-106.060.509 eingetragenen Gesellschaft, erkl\u00e4ren Sie sich mit der Verarbeitung Ihrer Daten gem\u00e4\u00df den nachstehenden Bestimmungen einverstanden.<\/p>\n<p>Wir erheben Ihre personenbezogenen Daten, wenn Sie eine Bestellung aufgeben oder unseren Kundendienst kontaktieren. Diese Informationen werden verwendet, um Ihre Bestellungen zu bearbeiten und zu versenden, einen qualitativ hochwertigen Kundendienst zu gew\u00e4hrleisten und Ihre Anfragen zu beantworten.<\/p>\n<p>Wir verarbeiten Ihre personenbezogenen Daten (wie Name, Adresse und E-Mail) ausschlie\u00dflich unter Einhaltung der geltenden Datenschutzgesetzgebung. Daten gelten als personenbezogen, wenn sie die eindeutige Identifizierung einer nat\u00fcrlichen Person erm\u00f6glichen. Die folgenden Bestimmungen informieren Sie detailliert \u00fcber Art, Umfang und Zweck der Erhebung, Nutzung und Verarbeitung dieser Daten durch Cappuccino SA.<\/p>\n<p>Die f\u00fcr die Bearbeitung der Anfrage erforderlichen Kundendaten werden ausschlie\u00dflich zur Gew\u00e4hrleistung des reibungslosen Ablaufs der Gesch\u00e4ftstransaktionen verwendet. Sie werden nur dann an ein Partnerunternehmen weitergegeben, wenn dies f\u00fcr die Ausf\u00fchrung der vorgesehenen Leistungen (Bestellabwicklung oder Kundendienst) zwingend erforderlich ist. In diesem Rahmen k\u00f6nnen die erhobenen personenbezogenen Daten an das mit der Lieferung beauftragte Transportunternehmen \u00fcbermittelt werden, soweit dies f\u00fcr den Versand der Waren erforderlich ist. Der Kunde willigt in diese Nutzung seiner Daten ein. In keinem Fall werden personenbezogene Daten an Dritte verkauft.<\/p>\n<\/div><\/div>\n\n<div class=\"et_pb_text_2 et_pb_text et_pb_bg_layout_light et_pb_module et_flex_module preset--module--divi-text--default\"><div class=\"et_pb_text_inner\"><h3 id=\"dipi-toc-_2-droits-de-proprit-intellectuelle-et-autres-droits1\">2. Immaterialg\u00fcterrechte und sonstige Rechte<\/h3>\n<p>Diese Website ist Eigentum von Cappuccino SA und wird von dieser betrieben. Alle Marken, Namen, Titel, Logos, Bilder, Designs, Texte und andere Elemente, die darauf erscheinen, sind ausschlie\u00dfliches Eigentum von Cappuccino SA. Das Aufrufen, Herunterladen oder Kopieren von Seiten \u00fcbertr\u00e4gt keinerlei Rechte, insbesondere nicht in Bezug auf die Nutzung oder das geistige Eigentum. Jede vollst\u00e4ndige oder teilweise Vervielf\u00e4ltigung, \u00dcbermittlung (elektronisch oder auf andere Weise), \u00c4nderung, Vernetzung oder Nutzung der Website f\u00fcr \u00f6ffentliche oder kommerzielle Zwecke ist ohne vorherige schriftliche Genehmigung untersagt.<\/p>\n<\/div><\/div>\n\n<div class=\"et_pb_text_3 et_pb_text et_pb_bg_layout_light et_pb_module et_flex_module preset--module--divi-text--default\"><div class=\"et_pb_text_inner\"><h3 id=\"dipi-toc-_3-exclusion-de-responsabilit2\">3. Haftungsausschluss<\/h3>\n<p>Cappuccino SA lehnt jegliche Haftung ab, auch im Falle von Fahrl\u00e4ssigkeit, die sich aus dem Zugriff oder der Unm\u00f6glichkeit des Zugriffs auf die gesamte Website oder Teile davon sowie aus deren Nutzung ergibt. Der Zugriff auf die Website, deren Nutzung sowie die Sicherheit oder Archivierung der \u00fcbermittelten Daten werden nicht garantiert.<\/p>\n<\/div><\/div>\n\n<div class=\"et_pb_text_4 et_pb_text et_pb_bg_layout_light et_pb_module et_flex_module preset--module--divi-text--default\"><div class=\"et_pb_text_inner\"><h3 id=\"dipi-toc-_4-transfert-de-donnes-via-internet3\">4. Daten\u00fcbertragung \u00fcber das Internet<\/h3>\n<p>Wir weisen Sie darauf hin, dass die Daten\u00fcbertragung \u00fcber das Internet Sicherheitsl\u00fccken aufweist und daher nicht l\u00fcckenlos vor dem Zugriff Dritter gesch\u00fctzt werden kann. Cappuccino SA \u00fcbernimmt keine Haftung f\u00fcr die Sicherheit der Daten w\u00e4hrend ihrer \u00dcbertragung \u00fcber das Internet.<\/p>\n<\/div><\/div>\n\n<div class=\"et_pb_text_5 et_pb_text et_pb_bg_layout_light et_pb_module et_flex_module preset--module--divi-text--default\"><div class=\"et_pb_text_inner\"><h3 id=\"dipi-toc-_5-partage-pour-les-exigences-lgales4\">5. Weitergabe aufgrund gesetzlicher Anforderungen<\/h3>\n<p>Wir k\u00f6nnen Ihre personenbezogenen Daten offenlegen, wenn wir gesetzlich dazu verpflichtet sind oder wenn wir in gutem Glauben davon ausgehen, dass dies notwendig ist, um dem Gesetz zu entsprechen, unsere Rechte oder unser Eigentum zu sch\u00fctzen oder die Sicherheit unserer Nutzer zu gew\u00e4hrleisten.<\/p>\n<\/div><\/div>\n\n<div class=\"et_pb_text_6 et_pb_text et_pb_bg_layout_light et_pb_module et_flex_module preset--module--divi-text--default\"><div class=\"et_pb_text_inner\"><h3 id=\"dipi-toc-_6-mises-jour-de-cet-avis-de-confidentialit5\">6. Aktualisierungen dieser Datenschutzhinweise<\/h3>\n<p>Wir behalten uns das Recht vor, diese Datenschutzerkl\u00e4rung im Zuge der gesch\u00e4ftlichen und technologischen Entwicklung zu \u00e4ndern. Eine aktualisierte Version wird auf unserer Website verf\u00fcgbar sein.<\/p>\n<\/div><\/div>\n\n<div class=\"et_pb_text_7 et_pb_text et_pb_bg_layout_light et_pb_module et_flex_module preset--module--divi-text--default\"><div class=\"et_pb_text_inner\"><h3 id=\"dipi-toc-_7-interlocuteur-charg-de-la-protection-des-donnes6\">7. Ansprechpartner f\u00fcr Datenschutz<\/h3>\n<p>Wenn Sie Fragen zur Erhebung, Verarbeitung und Nutzung Ihrer personenbezogenen Daten haben, wenn Sie Auskunft w\u00fcnschen oder m\u00f6chten, dass Ihre Daten berichtigt, gesperrt oder gel\u00f6scht werden, oder wenn Sie erteilte Einwilligungen widerrufen m\u00f6chten, wenden Sie sich bitte an:<br \/><a href=\"mailto:info@cappuccino.ch\">info@cappuccino.ch<\/a><br \/><a href=\"tel:+41327211717\">+41 32 721 17 17<\/a><br \/>Verantwortlich: Cappuccino SA, Puits-Godet 16, CH-2000 Neuch\u00e2tel<\/p>\n<\/div><\/div>\n\n<div class=\"et_pb_module et_pb_button_module_wrapper et_pb_button_0_wrapper\"><a class=\"et_pb_button_0 et_pb_button et_pb_bg_layout_light et_pb_module et_flex_module\" href=\"https:\/\/cappuccino.ch\/de\/machine\/prestolino-tacto-compact-12\/cappu_politique-de-confidentialite-2\/\" target=\"_blank\">PDF-Version herunterladen<\/a><\/div>\n\n<div class=\"et_pb_text_8 et_pb_text et_pb_bg_layout_light et_pb_module et_flex_module preset--module--divi-text--default\"><div class=\"et_pb_text_inner\"><p><strong>Stand: Januar 2025<\/strong><\/p>\n<\/div><\/div>\n<\/div>\n<\/div>\n<\/div>","protected":false},"excerpt":{"rendered":"","protected":false},"author":1,"featured_media":0,"parent":0,"menu_order":0,"comment_status":"closed","ping_status":"closed","template":"","meta":{"_acf_changed":false,"footnotes":""},"dipi_cpt_category":[],"class_list":["post-3556","page","type-page","status-publish","hentry"],"acf":[],"_links":{"self":[{"href":"https:\/\/cappuccino.ch\/de\/wp-json\/wp\/v2\/pages\/3556","targetHints":{"allow":["GET"]}}],"collection":[{"href":"https:\/\/cappuccino.ch\/de\/wp-json\/wp\/v2\/pages"}],"about":[{"href":"https:\/\/cappuccino.ch\/de\/wp-json\/wp\/v2\/types\/page"}],"author":[{"embeddable":true,"href":"https:\/\/cappuccino.ch\/de\/wp-json\/wp\/v2\/users\/1"}],"replies":[{"embeddable":true,"href":"https:\/\/cappuccino.ch\/de\/wp-json\/wp\/v2\/comments?post=3556"}],"version-history":[{"count":3,"href":"https:\/\/cappuccino.ch\/de\/wp-json\/wp\/v2\/pages\/3556\/revisions"}],"predecessor-version":[{"id":3967,"href":"https:\/\/cappuccino.ch\/de\/wp-json\/wp\/v2\/pages\/3556\/revisions\/3967"}],"wp:attachment":[{"href":"https:\/\/cappuccino.ch\/de\/wp-json\/wp\/v2\/media?parent=3556"}],"wp:term":[{"taxonomy":"dipi_cpt_category","embeddable":true,"href":"https:\/\/cappuccino.ch\/de\/wp-json\/wp\/v2\/dipi_cpt_category?post=3556"}],"curies":[{"name":"wp","href":"https:\/\/api.w.org\/{rel}","templated":true}]}}