{"id":3563,"date":"2025-12-23T09:41:32","date_gmt":"2025-12-23T08:41:32","guid":{"rendered":"https:\/\/staging251020.contreforme.ch\/ueber-uns\/"},"modified":"2026-05-04T13:01:02","modified_gmt":"2026-05-04T11:01:02","slug":"ueber-uns","status":"publish","type":"page","link":"https:\/\/cappuccino.ch\/de\/ueber-uns\/","title":{"rendered":"\u00dcber uns"},"content":{"rendered":"<div class=\"et_pb_section_0 et_pb_section et_section_regular et_flex_section preset--module--divi-section--43ry93q3yd preset--module--divi-section--8mlsyqpt2w\">\n<div class=\"et_pb_row_0 et_pb_row et_block_row preset--module--divi-row--ohzragmkcl preset--module--divi-row--9kjatamdla\">\n<div class=\"et_pb_column_0 et_pb_column et_pb_column_4_4 et-last-child et_block_column et_pb_css_mix_blend_mode_passthrough\">\n<div class=\"et_pb_image_0 et_pb_image et_pb_module et_flex_module preset--module--divi-image--5hygi063qr preset--module--divi-image--ti8kcve6bt\"><span class=\"et_pb_image_wrap\"><img decoding=\"async\" src=\"https:\/\/cappuccino.ch\/wp-content\/uploads\/2026\/03\/cappuccino_a-propos.jpg\" title=\"cappuccino_ueber-uns\" width=\"2047\" height=\"880\" srcset=\"https:\/\/cappuccino.ch\/wp-content\/uploads\/2026\/03\/cappuccino_a-propos.jpg 2047w, https:\/\/cappuccino.ch\/wp-content\/uploads\/2026\/03\/cappuccino_a-propos-1280x550.jpg 1280w, https:\/\/cappuccino.ch\/wp-content\/uploads\/2026\/03\/cappuccino_a-propos-980x421.jpg 980w, https:\/\/cappuccino.ch\/wp-content\/uploads\/2026\/03\/cappuccino_a-propos-480x206.jpg 480w\" sizes=\"(min-width: 0px) and (max-width: 480px) 480px, (min-width: 481px) and (max-width: 980px) 980px, (min-width: 981px) and (max-width: 1280px) 1280px, (min-width: 1281px) 2047px, 100vw\" class=\"wp-image-2703\" \/><\/span><\/div>\n<\/div>\n<\/div>\n<\/div>\n\n<div class=\"et_pb_section_1 et_pb_section et_section_regular et_flex_section\">\n<div class=\"et_pb_row_1 et_pb_row et_flex_row\">\n<div class=\"et_pb_column_1 et_pb_column et_flex_column et_pb_css_mix_blend_mode_passthrough et_flex_column_2_5 et_flex_column_2_5_tablet et_flex_column_24_24_phone\">\n<div class=\"et_pb_text_0 et_pb_text et_pb_bg_layout_light et_pb_module et_flex_module preset--module--divi-text--default\"><div class=\"et_pb_text_inner\"><h1>\u00dcber uns<\/h1>\n<\/div><\/div>\n<\/div>\n\n<div class=\"et_pb_column_2 et_pb_column et-last-child et_flex_column et_pb_css_mix_blend_mode_passthrough et_flex_column_3_5 et_flex_column_3_5_tablet et_flex_column_24_24_phone\">\n<div class=\"et_pb_text_1 et_pb_text et_pb_bg_layout_light et_pb_module et_flex_module preset--module--divi-text--default\"><div class=\"et_pb_text_inner\"><p>Seit \u00fcber 25 Jahren bietet CAPPUCCINO SA Fachleuten leistungsstarke L\u00f6sungen f\u00fcr die Ausgabe von Kaffee und Hei\u00dfgetr\u00e4nken, einschlie\u00dflich sorgf\u00e4ltig ausgew\u00e4hlter Maschinen und F\u00fcllzutaten.<\/p>\n<\/div><\/div>\n\n<div class=\"et_pb_text_2 et_pb_text et_pb_bg_layout_light et_pb_module et_flex_module preset--module--divi-text--default\"><div class=\"et_pb_text_inner\"><p>Unser Ansatz basiert auf dem Zuh\u00f6ren der Bed\u00fcrfnisse und gezielter Beratung, um f\u00fcr jede T\u00e4tigkeit passende L\u00f6sungen bereitzustellen, unabh\u00e4ngig vom Einsatzkontext oder dem erforderlichen Volumen.<\/p>\n<p>Wir gew\u00e4hrleisten zudem einen reaktiven Kundendienst, der die Kontinuit\u00e4t Ihres Kaffeeservice bei technischen Eingriffen oder Versorgungsbedarf sicherstellt.<\/p>\n<\/div><\/div>\n\n<div class=\"dipi_text_highlighter_0 dipi_text_highlighter et_pb_bg_layout_light et_pb_module\"><h5 class=\"dipi-highlight-text-wrapper\" data-config=\"{&quot;animation_start&quot;:&quot;in_a_viewport&quot;,&quot;animation_start_viewport&quot;:&quot;75%&quot;,&quot;animation_delay&quot;:&quot;0ms&quot;,&quot;animation_duration&quot;:&quot;800ms&quot;,&quot;delay_after_animation&quot;:&quot;3000ms&quot;,&quot;repeat_mode&quot;:&quot;definite&quot;,&quot;count_mode&quot;:&quot;everytime_in_viewport&quot;,&quot;animation_repeat_counts&quot;:&quot;1&quot;,&quot;reverse_animation&quot;:&quot;off&quot;,&quot;id&quot;:&quot;dipi_text_highlighter_0&quot;}\">\n\t\t\t\t\t<span class=\"dipi-highlight-prefix-text dipi-text-affixes\">Mit Cappuccino, <\/span><span class=\"dipi-text-highlight-wrapper {&quot;animation_start&quot;:&quot;in_a_viewport&quot;,&quot;animation_start_viewport&quot;:&quot;75%&quot;,&quot;animation_delay&quot;:&quot;0ms&quot;,&quot;animation_duration&quot;:&quot;800ms&quot;,&quot;delay_after_animation&quot;:&quot;3000ms&quot;,&quot;repeat_mode&quot;:&quot;definite&quot;,&quot;count_mode&quot;:&quot;everytime_in_viewport&quot;,&quot;animation_repeat_counts&quot;:&quot;1&quot;,&quot;reverse_animation&quot;:&quot;off&quot;,&quot;id&quot;:&quot;dipi_text_highlighter_0&quot;}\"><span class=\"dipi-text-highlight-text dipi-text-highlight-text\">Alles ist m\u00f6glich.<\/span><span class=\"dipi-text-highlight-svg\"><svg xmlns=\"http:\/\/www.w3.org\/2000\/svg\" viewBox=\"0 0 500 150\" preserveAspectRatio=\"none\">\n\t\t\t\t\t<path d=\"M3.7,125.7c50.5-3.7,442.9-7,487.5,4.7\"><\/path>\n\t\t\t\t\t<path d=\"M488.6,133c-33.9-3-452.6-12-483.2-2.7\"><\/path>\n\t\t\t\t\t<path d=\"M5.4,132.3c75.2,4.3,445.9-4,488.8-0.3\"><\/path>\n\t\t\t\t\t<\/svg><\/span><\/span>\n\t\t\t<\/h5><\/div>\n<\/div>\n<\/div>\n<\/div>\n\n<div class=\"et_pb_section_2 et_pb_section et_section_regular et_flex_section\">\n<div class=\"et_pb_row_2 et_pb_row et_flex_row\">\n<div class=\"et_pb_column_3 et_pb_column et_flex_column et_pb_css_mix_blend_mode_passthrough et_flex_column_2_5 et_flex_column_2_5_tablet et_flex_column_24_24_phone\">\n<div class=\"et_pb_text_3 et_pb_text et_pb_bg_layout_light et_pb_module et_flex_module preset--module--divi-text--default\"><div class=\"et_pb_text_inner\"><h2>T\u00e4tigkeitsbereiche<\/h2>\n<\/div><\/div>\n<\/div>\n\n<div class=\"et_pb_column_4 et_pb_column et-last-child et_flex_column et_pb_css_mix_blend_mode_passthrough et_flex_column_3_5 et_flex_column_3_5_tablet et_flex_column_24_24_phone\">\n<div class=\"et_pb_text_4 et_pb_text et_pb_bg_layout_light et_pb_module et_flex_module preset--module--divi-text--default\"><div class=\"et_pb_text_inner\"><p>Je nach Ihrem Bedarf an Volumen, Getr\u00e4nkearten und Organisation begleiten wir Sie bei der Wahl der am besten geeigneten Konfiguration, sei es eine zentralisierte Produktion, eine Satellitenl\u00f6sung oder eine gemischte Ausgabe in Tassen und Kannen, mit einer PRESTOLINO-Maschine, die Ihren Leistungsanforderungen entspricht.<\/p>\n<h4>Wir arbeiten haupts\u00e4chlich f\u00fcr<\/h4>\n<ul>\n<li>Krankenh\u00e4user, Pflegeheime, Wohnheime und Kliniken<\/li>\n<li>Coffee Shops: Bistros, Snackbars, Cafeterias, Hotels, Restaurants, Bars<\/li>\n<li>Caterer, Verpflegungsdienste<\/li>\n<li>Unternehmen, B\u00fcros<\/li>\n<\/ul>\n<\/div><\/div>\n<\/div>\n<\/div>\n<\/div>\n\n<div class=\"et_pb_section_3 et_pb_section et_section_regular et_flex_section\">\n<div class=\"et_pb_row_3 et_pb_row et_flex_row\">\n<div class=\"et_pb_column_5 et_pb_column et_flex_column et_pb_css_mix_blend_mode_passthrough et_flex_column_2_5 et_flex_column_2_5_tablet et_flex_column_24_24_phone\">\n<div class=\"et_pb_text_5 et_pb_text et_pb_bg_layout_light et_pb_module et_flex_module preset--module--divi-text--default\"><div class=\"et_pb_text_inner\"><h2>Unsere L\u00f6sungen nach Nutzungsart<\/h2>\n<\/div><\/div>\n<\/div>\n\n<div class=\"et_pb_column_6 et_pb_column et-last-child et_flex_column et_pb_css_mix_blend_mode_passthrough et_flex_column_3_5 et_flex_column_3_5_tablet et_flex_column_24_24_phone\">\n<div class=\"et_pb_text_6 et_pb_text et_pb_bg_layout_light et_pb_module et_flex_module preset--module--divi-text--default\"><div class=\"et_pb_text_inner\"><h3>Zentralisierte Produktion & Satellit<\/h3>\n<h4>Tassen<\/h4>\n<ul>\n<li><strong>Wirtschaftlich, ohne hei\u00dfe Schokolade<\/strong><strong>:<\/strong> <a href=\"https:\/\/cappuccino.ch\/de\/maschinen\/#cappuccino-mc-917\">PRESTOLINO CLASSICO 21S<\/a> oder <a href=\"https:\/\/cappuccino.ch\/de\/maschinen\/#cappuccino-mc-1271\">128 ND<\/a><\/li>\n<li><strong>Standard, alle Getr\u00e4nke<\/strong>: <a href=\"https:\/\/cappuccino.ch\/de\/maschinen\/#cappuccino-mc-1610\">PRESTOLINO TACTO 14S<\/a><\/li>\n<\/ul>\n<h4>Kannen<\/h4>\n<ul>\n<li><strong>Hohe Leistung (1 L\/min)<\/strong>: <a href=\"https:\/\/cappuccino.ch\/de\/maschinen\/#cappuccino-mc-1610\">PRESTOLINO EXPERTO 14S<\/a><\/li>\n<li><strong>Gro\u00dfe Volumen (bis zu 300 L\/h) oder automatisiert f\u00fcr Beh\u00e4lter von 2,5 dl<\/strong>: <a href=\"https:\/\/cappuccino.ch\/de\/maschinen\/#cappuccino-mc-1279\">PRESTOLINO EXCEL 846<\/a><\/li>\n<\/ul>\n<h4>Gemischt \u2013 Tassen und Kannen<\/h4>\n<ul>\n<li><strong>Vielseitig (Tassen und kleine Kannen): <\/strong><a href=\"https:\/\/cappuccino.ch\/de\/maschinen\/#cappuccino-mc-1610\">PRESTOLINO TACTO 14S<\/a><\/li>\n<li><strong>Hohe Leistung (1 L\/min)<\/strong>: <a href=\"https:\/\/cappuccino.ch\/de\/maschinen\/#cappuccino-mc-1610\">PRESTOLINO EXPERTO 14S<\/a><\/li>\n<\/ul>\n<\/div><\/div>\n<\/div>\n<\/div>\n<\/div>","protected":false},"excerpt":{"rendered":"","protected":false},"author":1,"featured_media":0,"parent":0,"menu_order":1,"comment_status":"closed","ping_status":"closed","template":"","meta":{"_acf_changed":false,"footnotes":""},"dipi_cpt_category":[],"class_list":["post-3563","page","type-page","status-publish","hentry"],"acf":[],"_links":{"self":[{"href":"https:\/\/cappuccino.ch\/de\/wp-json\/wp\/v2\/pages\/3563","targetHints":{"allow":["GET"]}}],"collection":[{"href":"https:\/\/cappuccino.ch\/de\/wp-json\/wp\/v2\/pages"}],"about":[{"href":"https:\/\/cappuccino.ch\/de\/wp-json\/wp\/v2\/types\/page"}],"author":[{"embeddable":true,"href":"https:\/\/cappuccino.ch\/de\/wp-json\/wp\/v2\/users\/1"}],"replies":[{"embeddable":true,"href":"https:\/\/cappuccino.ch\/de\/wp-json\/wp\/v2\/comments?post=3563"}],"version-history":[{"count":2,"href":"https:\/\/cappuccino.ch\/de\/wp-json\/wp\/v2\/pages\/3563\/revisions"}],"predecessor-version":[{"id":3962,"href":"https:\/\/cappuccino.ch\/de\/wp-json\/wp\/v2\/pages\/3563\/revisions\/3962"}],"wp:attachment":[{"href":"https:\/\/cappuccino.ch\/de\/wp-json\/wp\/v2\/media?parent=3563"}],"wp:term":[{"taxonomy":"dipi_cpt_category","embeddable":true,"href":"https:\/\/cappuccino.ch\/de\/wp-json\/wp\/v2\/dipi_cpt_category?post=3563"}],"curies":[{"name":"wp","href":"https:\/\/api.w.org\/{rel}","templated":true}]}}