{"id":3591,"date":"2025-12-23T09:30:53","date_gmt":"2025-12-23T08:30:53","guid":{"rendered":"https:\/\/staging251020.contreforme.ch\/verbrauchsmaterial\/"},"modified":"2026-05-04T13:07:55","modified_gmt":"2026-05-04T11:07:55","slug":"verbrauchsmaterial","status":"publish","type":"page","link":"https:\/\/cappuccino.ch\/de\/verbrauchsmaterial\/","title":{"rendered":"Verbrauchsmaterialien"},"content":{"rendered":"<div class=\"et_pb_section_0 et_pb_section et_section_regular et_flex_section preset--module--divi-section--kpxv8ll2re preset--module--divi-section--8mlsyqpt2w\">\n<div class=\"et_pb_row_0 et_pb_row et_flex_row\">\n<div class=\"et_pb_column_0 et_pb_column et_flex_column et_pb_css_mix_blend_mode_passthrough et_flex_column_2_5 et_flex_column_2_5_tablet et_flex_column_24_24_phone\">\n<div class=\"et_pb_text_0 et_pb_text et_pb_bg_layout_light et_pb_module et_flex_module preset--module--divi-text--default\"><div class=\"et_pb_text_inner\"><h1>Verbrauchsmaterialien<\/h1>\n<\/div><\/div>\n<\/div>\n\n<div class=\"et_pb_column_1 et_pb_column et-last-child et_flex_column et_pb_css_mix_blend_mode_passthrough et_flex_column_3_5 et_flex_column_3_5_tablet et_flex_column_24_24_phone\">\n<div class=\"et_pb_text_1 et_pb_text et_pb_bg_layout_light et_pb_module et_flex_module preset--module--divi-text--default\"><div class=\"et_pb_text_inner\"><p>Signature-Kaffees, Schweizer Milch aus dem Hause Emmi, cremige Schokolade und Zubeh\u00f6r: Alles ist darauf ausgelegt, mit den PRESTOLINO-Maschinen t\u00e4glich Leistung, Genuss und Zuverl\u00e4ssigkeit zu gew\u00e4hrleisten.<\/p>\n<\/div><\/div>\n<\/div>\n<\/div>\n<\/div>\n\n<div class=\"et_pb_section_1 et_pb_section et_section_regular et_flex_section\">\n<div class=\"et_pb_row_1 et_pb_row et_flex_row bloc\">\n<div class=\"et_pb_column_2 et_pb_column et-last-child et_flex_column et_pb_css_mix_blend_mode_passthrough et_flex_column_24_24 et_flex_column_24_24_tablet et_flex_column_24_24_phone\">\n<div class=\"dipi_button_grid_0 dipi_button_grid et_pb_module\"><div class=\"dipi-button-grid-container\">\n        \n<div class=\"dipi_button_grid_child_0 dipi_button_grid_child dipi-pt-item--Text et_pb_module\"><a class=\"et_pb_button dipi-button-grid dipi-button-wrap\" href=\"#ingredients\">Zutaten<\/a><\/div>\n\n<div class=\"dipi_button_grid_child_1 dipi_button_grid_child dipi-pt-item--Text et_pb_module\"><a class=\"et_pb_button dipi-button-grid dipi-button-wrap\" href=\"#livraison\">Lieferung<\/a><\/div>\n\n      <\/div><\/div>\n<\/div>\n<\/div>\n<\/div>\n\n<div class=\"et_pb_section_2 et_pb_section et_section_regular et_flex_section\" id=\"ingredients\">\n<div class=\"et_pb_row_2 et_pb_row et_flex_row\">\n<div class=\"et_pb_column_3 et_pb_column et_flex_column et_pb_css_mix_blend_mode_passthrough et_flex_column_2_5 et_flex_column_2_5_tablet et_flex_column_24_24_phone\">\n<div class=\"et_pb_text_2 et_pb_text et_pb_bg_layout_light et_pb_module et_flex_module preset--module--divi-text--default\"><div class=\"et_pb_text_inner\"><h2>F\u00fcllzutaten<\/h2>\n<\/div><\/div>\n<\/div>\n\n<div class=\"et_pb_column_4 et_pb_column et-last-child et_flex_column et_pb_css_mix_blend_mode_passthrough et_flex_column_3_5 et_flex_column_3_5_tablet et_flex_column_24_24_phone\">\n<div class=\"et_pb_text_3 et_pb_text et_pb_bg_layout_light et_pb_module et_flex_module preset--module--divi-text--default\"><div class=\"et_pb_text_inner\"><h3>Signature-Gefriergetrocknete Kaffees<\/h3>\n<p>Um Ihnen die Ausgabe von Hei\u00dfgetr\u00e4nken zu erleichtern, k\u00f6nnen wir Ihnen f\u00fcnf gefriergetrocknete \u201eHaus\u201c-Kaffees von ausgezeichneter Qualit\u00e4t zu sehr vorteilhaften Konditionen anbieten, darunter einen Fairtrade, sorgf\u00e4ltig ausgew\u00e4hlt nach Aroma, Geschmack und Optik.<\/p>\n<h5>Beutel \u00e0 500 g, Kartons \u00e0 10 Beutel, 600 Kaffeeportionen\/kg<\/h5>\n<ul>\n<li><strong>CAFF\u00c8 PRAEMIUM<\/strong>, extra fein, italienisch kr\u00e4ftig<\/li>\n<li><strong>CAFF\u00c8 TRADITION<\/strong>, klassischer Geschmack<\/li>\n<li><strong>CAFF\u00c8 SENZA<\/strong>, entkoffeiniert<\/li>\n<li><strong>CAFF\u00c8 EVIDENZA<\/strong>, kr\u00e4ftige 100%-Kaffee-Noten und intensives Aroma<\/li>\n<li><strong>CAFF\u00c8 EQUIT\u00c0<\/strong>, Fairtrade<\/li>\n<\/ul>\n<\/div><\/div>\n\n<div class=\"et_pb_text_4 et_pb_text et_pb_bg_layout_light et_pb_module et_flex_module preset--module--divi-text--default\"><div class=\"et_pb_text_inner\"><h3>Milch aus dem Hause EMMI<\/h3>\n<p>Mit dem Ziel, Ihnen Produkte von hoher Qualit\u00e4t zum besten Preis anzubieten, haben wir zudem das Privileg, Ihnen Milch aus dem Hause Emmi anbieten zu k\u00f6nnen.<\/p>\n<p>Emmi ist die f\u00fchrende Molkereigruppe der Schweiz und einer der innovativsten Hersteller von Premium-Milchprodukten in Europa.<br \/>Quelle: Interprofession Poudre de Lait IPL<\/p>\n<h5>Beutel \u00e0 500 g, Karton \u00e0 10 Beutel, 10 l Milch\/kg<\/h5>\n<ul>\n<li>EMMI MILCH 0,5 %, Magermilch Schweizer Herkunft<\/li>\n<li>EMMI MILCH teilentrahmt 12 % Schweizer Herkunft<\/li>\n<\/ul>\n<h4>Vorteile von Milchpulver:<\/h4>\n<ul>\n<li>Einfache Lagerung: geringes Volumen, lange Haltbarkeit und ohne K\u00fchlung.<\/li>\n<li>Einfacher und kosteng\u00fcnstiger Transport<\/li>\n<li>N\u00e4hrwerte bleiben erhalten<\/li>\n<\/ul>\n<\/div><\/div>\n\n<div class=\"et_pb_text_5 et_pb_text et_pb_bg_layout_light et_pb_module et_flex_module preset--module--divi-text--default\"><div class=\"et_pb_text_inner\"><h3>Cremige Schokolade<\/h3>\n<p>Voller Geschmack und wohltuend \u2026 der Genuss einer echten hei\u00dfen Schokolade.<\/p>\n<h5>Beutel \u00e0 1 kg, Karton \u00e0 10 Beutel, 45 Schokoladenportionen\/kg<\/h5>\n<ul>\n<li>CACAO VELLUTO, Kakaoaroma kombiniert mit der Milde der Milch<\/li>\n<\/ul>\n<\/div><\/div>\n\n<div class=\"et_pb_text_6 et_pb_text et_pb_bg_layout_light et_pb_module et_flex_module preset--module--divi-text--default\"><div class=\"et_pb_text_inner\"><h4>Zubeh\u00f6r<\/h4>\n<p>In Zusammenhang mit den oben genannten F\u00fcllzutaten bieten wir Ihnen auch<\/p>\n<ul>\n<li>Holzspatel<\/li>\n<li>CAPPUCCINO-Zuckerbeutel<\/li>\n<li>CAPPUCCINO-Becher.<\/li>\n<\/ul>\n<\/div><\/div>\n<\/div>\n<\/div>\n<\/div>\n\n<div class=\"et_pb_section_3 et_pb_section et_section_regular et_flex_section\" id=\"livraison\">\n<div class=\"et_pb_row_3 et_pb_row et_flex_row\">\n<div class=\"et_pb_column_5 et_pb_column et_flex_column et_pb_css_mix_blend_mode_passthrough et_flex_column_2_5 et_flex_column_2_5_tablet et_flex_column_24_24_phone\">\n<div class=\"et_pb_text_7 et_pb_text et_pb_bg_layout_light et_pb_module et_flex_module preset--module--divi-text--default\"><div class=\"et_pb_text_inner\"><h2>Lieferung von Verbrauchsmaterial<\/h2>\n<\/div><\/div>\n<\/div>\n\n<div class=\"et_pb_column_6 et_pb_column et-last-child et_flex_column et_pb_css_mix_blend_mode_passthrough et_flex_column_3_5 et_flex_column_3_5_tablet et_flex_column_24_24_phone\">\n<div class=\"et_pb_text_8 et_pb_text et_pb_bg_layout_light et_pb_module et_flex_module preset--module--divi-text--default\"><div class=\"et_pb_text_inner\"><p>An Werktagen werden Bestellungen, die vor 9:00 Uhr telefonisch oder online aufgegeben werden, noch am selben Tag bearbeitet.<\/p>\n<\/div><\/div>\n\n<div class=\"dipi_button_grid_1 dipi_button_grid et_pb_module\"><div class=\"dipi-button-grid-container\">\n        \n<div class=\"dipi_button_grid_child_2 dipi_button_grid_child dipi-pt-item--Text et_pb_module\"><a class=\"et_pb_button dipi-button-grid dipi-button-wrap\" href=\"https:\/\/cappuccino.ch\/de\/bestellformular\/\">Online bestellen<\/a><\/div>\n\n<div class=\"dipi_button_grid_child_3 dipi_button_grid_child dipi-pt-item--Text et_pb_module\"><a class=\"et_pb_button dipi-button-grid dipi-button-wrap\" href=\"tel:+41327211717\" data-icon=\"\uf3cd\">Bestellung per Telefon<\/a><\/div>\n\n<div class=\"dipi_button_grid_child_4 dipi_button_grid_child dipi-pt-item--Text et_pb_module\"><a class=\"et_pb_button dipi-button-grid dipi-button-wrap\" href=\"https:\/\/cappuccino.ch\/de\/bestellformular\/\" data-icon=\"\uf3cd\">Bestellung<\/a><\/div>\n\n      <\/div><\/div>\n\n<div class=\"et_pb_text_9 et_pb_text et_pb_bg_layout_light et_pb_module et_flex_module preset--module--divi-text--default\"><div class=\"et_pb_text_inner\"><h4>Lieferfrist<\/h4>\n<p>1 bis 2 Werktage je nach Lieferort (ausnahmsweise 4 Tage bei abgelegener Lage).<\/p>\n<p>Bei dringenden Bestellungen kontaktieren Sie CAPPUCCINO <a href=\"tel:+41327211717\">telefonisch<\/a>. M\u00f6glicher Zuschlag f\u00fcr Expressversand.<\/p>\n<p>Frankolieferung ab CHF 900.\u2013 f\u00fcr F\u00fcllprodukte, vorbehaltlich Bergzuschl\u00e4gen.<\/p>\n<p>Die hochwertigen CAPPUCCINO-F\u00fcllprodukte wurden ausgew\u00e4hlt und getestet, um eine optimale Nutzung und den reibungslosen Betrieb der PRESTOLINO Kaffee- und Hei\u00dfgetr\u00e4nkemaschinen zu gew\u00e4hrleisten.<\/p>\n<\/div><\/div>\n<\/div>\n<\/div>\n<\/div>","protected":false},"excerpt":{"rendered":"","protected":false},"author":1,"featured_media":0,"parent":0,"menu_order":3,"comment_status":"closed","ping_status":"closed","template":"","meta":{"_acf_changed":false,"footnotes":""},"dipi_cpt_category":[],"class_list":["post-3591","page","type-page","status-publish","hentry"],"acf":[],"_links":{"self":[{"href":"https:\/\/cappuccino.ch\/de\/wp-json\/wp\/v2\/pages\/3591","targetHints":{"allow":["GET"]}}],"collection":[{"href":"https:\/\/cappuccino.ch\/de\/wp-json\/wp\/v2\/pages"}],"about":[{"href":"https:\/\/cappuccino.ch\/de\/wp-json\/wp\/v2\/types\/page"}],"author":[{"embeddable":true,"href":"https:\/\/cappuccino.ch\/de\/wp-json\/wp\/v2\/users\/1"}],"replies":[{"embeddable":true,"href":"https:\/\/cappuccino.ch\/de\/wp-json\/wp\/v2\/comments?post=3591"}],"version-history":[{"count":0,"href":"https:\/\/cappuccino.ch\/de\/wp-json\/wp\/v2\/pages\/3591\/revisions"}],"wp:attachment":[{"href":"https:\/\/cappuccino.ch\/de\/wp-json\/wp\/v2\/media?parent=3591"}],"wp:term":[{"taxonomy":"dipi_cpt_category","embeddable":true,"href":"https:\/\/cappuccino.ch\/de\/wp-json\/wp\/v2\/dipi_cpt_category?post=3591"}],"curies":[{"name":"wp","href":"https:\/\/api.w.org\/{rel}","templated":true}]}}