{"id":3593,"date":"2025-12-09T13:27:19","date_gmt":"2025-12-09T12:27:19","guid":{"rendered":"https:\/\/staging251020.contreforme.ch\/startseite\/"},"modified":"2026-05-04T13:14:34","modified_gmt":"2026-05-04T11:14:34","slug":"startseite","status":"publish","type":"page","link":"https:\/\/cappuccino.ch\/de\/","title":{"rendered":"Startseite"},"content":{"rendered":"<div class=\"et_pb_section_0 et_pb_section et_section_regular et_flex_section preset--module--divi-section--8mlsyqpt2w\">\n<div class=\"et_pb_row_0 et_pb_row et_block_row preset--module--divi-row--ohzragmkcl preset--module--divi-row--9kjatamdla\">\n<div class=\"et_pb_column_0 et_pb_column et_pb_column_4_4 et-last-child et_block_column et_pb_css_mix_blend_mode_passthrough\">\n<div class=\"et_pb_image_0 et_pb_image et_pb_image_sticky et_pb_module et_flex_module preset--module--divi-image--5hygi063qr preset--module--divi-image--ti8kcve6bt\"><span class=\"et_pb_image_wrap\"><img decoding=\"async\" src=\"https:\/\/cappuccino.ch\/wp-content\/uploads\/2026\/03\/cappuccino_home.jpg\" title=\"cappuccino_home\" width=\"2048\" height=\"980\" srcset=\"https:\/\/cappuccino.ch\/wp-content\/uploads\/2026\/03\/cappuccino_home.jpg 2048w, https:\/\/cappuccino.ch\/wp-content\/uploads\/2026\/03\/cappuccino_home-1280x613.jpg 1280w, https:\/\/cappuccino.ch\/wp-content\/uploads\/2026\/03\/cappuccino_home-980x469.jpg 980w, https:\/\/cappuccino.ch\/wp-content\/uploads\/2026\/03\/cappuccino_home-480x230.jpg 480w\" sizes=\"(min-width: 0px) and (max-width: 480px) 480px, (min-width: 481px) and (max-width: 980px) 980px, (min-width: 981px) and (max-width: 1280px) 1280px, (min-width: 1281px) 2048px, 100vw\" class=\"wp-image-2701\" \/><\/span><\/div>\n<\/div>\n<\/div>\n<\/div>\n\n<div class=\"et_pb_section_1 et_pb_section et_section_regular et_flex_section\">\n<div class=\"et_pb_row_1 et_pb_row et_flex_row\">\n<div class=\"et_pb_column_1 et_pb_column et-last-child et_flex_column et_pb_css_mix_blend_mode_passthrough et_flex_column_24_24 et_flex_column_24_24_tablet et_flex_column_24_24_phone\">\n<div class=\"et_pb_text_0 et_pb_text et_pb_bg_layout_light et_pb_module et_flex_module preset--module--divi-text--default\"><div class=\"et_pb_text_inner\"><h1>Mit CAPPUCCINO ist alles m\u00f6glich<\/h1>\n<p>Schnelle und zuverl\u00e4ssige Multi-Getr\u00e4nke-L\u00f6sungen, begleitet von einem umfassenden Service f\u00fcr all Ihre Kaffee-Bed\u00fcrfnisse.<\/p>\n<\/div><\/div>\n<\/div>\n<\/div>\n<\/div>\n\n<div class=\"et_pb_section_2 et_pb_section et_section_regular et_flex_section\">\n<div class=\"et_pb_row_2 et_pb_row et_flex_row et_animated\">\n<div class=\"et_pb_column_2 et_pb_column et_flex_column et_pb_css_mix_blend_mode_passthrough et_clickable et_flex_column_8_24 et_flex_column_8_24_tablet et_flex_column_24_24_phone\">\n<div class=\"et_pb_image_1 et_pb_image et_pb_module et_block_module\"><span class=\"et_pb_image_wrap\"><img decoding=\"async\" src=\"https:\/\/cappuccino.ch\/wp-content\/uploads\/2025\/12\/acces-machines.svg\" title=\"zugang-maschinen\" class=\"wp-image-238\" \/><\/span><\/div>\n\n<div class=\"et_pb_text_1 et_pb_text et_pb_bg_layout_light et_pb_module et_flex_module preset--module--divi-text--default\"><div class=\"et_pb_text_inner\"><h3>Maschinen<\/h3>\n<\/div><\/div>\n<\/div>\n\n<div class=\"et_pb_column_3 et_pb_column et_flex_column et_pb_css_mix_blend_mode_passthrough et_clickable et_flex_column_8_24 et_flex_column_8_24_tablet et_flex_column_24_24_phone\">\n<div class=\"et_pb_image_2 et_pb_image et_pb_module et_block_module\"><span class=\"et_pb_image_wrap\"><img decoding=\"async\" src=\"https:\/\/cappuccino.ch\/wp-content\/uploads\/2025\/12\/acces-consommables.svg\" title=\"zugang-verbrauchsmaterialien\" class=\"wp-image-237\" \/><\/span><\/div>\n\n<div class=\"et_pb_text_2 et_pb_text et_pb_bg_layout_light et_pb_module et_flex_module preset--module--divi-text--default\"><div class=\"et_pb_text_inner\"><h3>Verbrauchsmaterialien<\/h3>\n<\/div><\/div>\n<\/div>\n\n<div class=\"et_pb_column_4 et_pb_column et-last-child et_flex_column et_pb_css_mix_blend_mode_passthrough et_clickable et_flex_column_8_24 et_flex_column_8_24_tablet et_flex_column_24_24_phone\">\n<div class=\"et_pb_image_3 et_pb_image et_pb_module et_block_module\"><span class=\"et_pb_image_wrap\"><img decoding=\"async\" src=\"https:\/\/cappuccino.ch\/wp-content\/uploads\/2025\/12\/acces-services.svg\" title=\"zugang-services\" class=\"wp-image-239\" \/><\/span><\/div>\n\n<div class=\"et_pb_text_3 et_pb_text et_pb_bg_layout_light et_pb_module et_flex_module preset--module--divi-text--default\"><div class=\"et_pb_text_inner\"><h3>Dienstleistungen<\/h3>\n<\/div><\/div>\n<\/div>\n<\/div>\n\n<div class=\"et_pb_row_3 et_pb_row et_flex_row\">\n<div class=\"et_pb_column_5 et_pb_column et-last-child et_flex_column et_pb_css_mix_blend_mode_passthrough et_flex_column_24_24 et_flex_column_24_24_tablet et_flex_column_24_24_phone\">\n<div class=\"et_pb_module et_pb_button_module_wrapper et_pb_button_0_wrapper\"><a class=\"et_pb_button_0 et_pb_button et_pb_bg_layout_light et_pb_module et_flex_module\" href=\"https:\/\/cappuccino.ch\/de\/ueber-uns\/\">Entdecken Sie Cappuccino<\/a><\/div>\n<\/div>\n<\/div>\n<\/div>","protected":false},"excerpt":{"rendered":"","protected":false},"author":1,"featured_media":0,"parent":0,"menu_order":0,"comment_status":"closed","ping_status":"closed","template":"","meta":{"_acf_changed":false,"footnotes":""},"dipi_cpt_category":[],"class_list":["post-3593","page","type-page","status-publish","hentry"],"acf":[],"_links":{"self":[{"href":"https:\/\/cappuccino.ch\/de\/wp-json\/wp\/v2\/pages\/3593","targetHints":{"allow":["GET"]}}],"collection":[{"href":"https:\/\/cappuccino.ch\/de\/wp-json\/wp\/v2\/pages"}],"about":[{"href":"https:\/\/cappuccino.ch\/de\/wp-json\/wp\/v2\/types\/page"}],"author":[{"embeddable":true,"href":"https:\/\/cappuccino.ch\/de\/wp-json\/wp\/v2\/users\/1"}],"replies":[{"embeddable":true,"href":"https:\/\/cappuccino.ch\/de\/wp-json\/wp\/v2\/comments?post=3593"}],"version-history":[{"count":3,"href":"https:\/\/cappuccino.ch\/de\/wp-json\/wp\/v2\/pages\/3593\/revisions"}],"predecessor-version":[{"id":3948,"href":"https:\/\/cappuccino.ch\/de\/wp-json\/wp\/v2\/pages\/3593\/revisions\/3948"}],"wp:attachment":[{"href":"https:\/\/cappuccino.ch\/de\/wp-json\/wp\/v2\/media?parent=3593"}],"wp:term":[{"taxonomy":"dipi_cpt_category","embeddable":true,"href":"https:\/\/cappuccino.ch\/de\/wp-json\/wp\/v2\/dipi_cpt_category?post=3593"}],"curies":[{"name":"wp","href":"https:\/\/api.w.org\/{rel}","templated":true}]}}