{"id":3595,"date":"2025-12-23T09:28:56","date_gmt":"2025-12-23T08:28:56","guid":{"rendered":"https:\/\/staging251020.contreforme.ch\/nutzungsoptionen\/"},"modified":"2026-03-17T10:21:42","modified_gmt":"2026-03-17T09:21:42","slug":"nutzungsoptionen","status":"publish","type":"page","link":"https:\/\/cappuccino.ch\/de\/maschinen\/nutzungsoptionen\/","title":{"rendered":"Nutzungsoptionen"},"content":{"rendered":"<div class=\"et_pb_section_0 et_pb_section et_section_regular et_flex_section preset--module--divi-section--kpxv8ll2re\">\n<div class=\"et_pb_row_0 et_pb_row et_flex_row\">\n<div class=\"et_pb_column_0 et_pb_column et_flex_column et_pb_css_mix_blend_mode_passthrough et_flex_column_2_5 et_flex_column_2_5_tablet et_flex_column_24_24_phone\">\n<div class=\"et_pb_text_0 et_pb_text et_pb_bg_layout_light et_pb_module et_flex_module preset--module--divi-text--default\"><div class=\"et_pb_text_inner\"><h1>Nutzungsoptionen<\/h1>\n<\/div><\/div>\n<\/div>\n\n<div class=\"et_pb_column_1 et_pb_column et-last-child et_flex_column et_pb_css_mix_blend_mode_passthrough et_flex_column_3_5 et_flex_column_3_5_tablet et_flex_column_24_24_phone\">\n<div class=\"et_pb_text_1 et_pb_text et_pb_bg_layout_light et_pb_module et_flex_module preset--module--divi-text--default\"><div class=\"et_pb_text_inner\"><p>Ob Sie eine Maschine f\u00fcr eine einmalige Veranstaltung, eine Saison oder langfristig mieten, eine L\u00f6sung vor dem Kauf testen oder sich f\u00fcr eine Gebrauchs\u00fcberlassung entscheiden m\u00f6chten \u2013 wir bieten Ihnen flexible Formeln sowie einfache und ma\u00dfgeschneiderte L\u00f6sungen.<\/p>\n<\/div><\/div>\n<\/div>\n<\/div>\n<\/div>\n\n<div class=\"et_pb_section_1 et_pb_section et_section_regular et_flex_section\">\n<div class=\"et_pb_row_1 et_pb_row et_flex_row bloc\">\n<div class=\"et_pb_column_2 et_pb_column et-last-child et_flex_column et_pb_css_mix_blend_mode_passthrough et_flex_column_24_24 et_flex_column_24_24_tablet et_flex_column_24_24_phone\">\n<div class=\"dipi_button_grid_0 dipi_button_grid et_pb_module\"><div class=\"dipi-button-grid-container\">\n        \n<div class=\"dipi_button_grid_child_0 dipi_button_grid_child dipi-pt-item--Text et_pb_module\"><a class=\"et_pb_button dipi-button-grid dipi-button-wrap\" href=\"#essai\">Essai<\/a><\/div>\n\n<div class=\"dipi_button_grid_child_1 dipi_button_grid_child dipi-pt-item--Text et_pb_module\"><a class=\"et_pb_button dipi-button-grid dipi-button-wrap\" href=\"#pret\">Pr\u00eat<\/a><\/div>\n\n<div class=\"dipi_button_grid_child_2 dipi_button_grid_child dipi-pt-item--Text et_pb_module\"><a class=\"et_pb_button dipi-button-grid dipi-button-wrap\" href=\"#location\">Location<\/a><\/div>\n\n<div class=\"dipi_button_grid_child_3 dipi_button_grid_child dipi-pt-item--Text et_pb_module\"><a class=\"et_pb_button dipi-button-grid dipi-button-wrap\" href=\"#reprise\">Reprise<\/a><\/div>\n\n      <\/div><\/div>\n<\/div>\n<\/div>\n<\/div>\n\n<div class=\"et_pb_section_2 et_pb_section et_section_regular et_flex_section\" id=\"essai\">\n<div class=\"et_pb_row_2 et_pb_row et_flex_row\">\n<div class=\"et_pb_column_3 et_pb_column et_flex_column et_pb_css_mix_blend_mode_passthrough et_flex_column_2_5 et_flex_column_2_5_tablet et_flex_column_24_24_phone\">\n<div class=\"et_pb_text_2 et_pb_text et_pb_bg_layout_light et_pb_module et_flex_module preset--module--divi-text--default\"><div class=\"et_pb_text_inner\"><h2>Test vor dem Kauf<\/h2>\n<\/div><\/div>\n<\/div>\n\n<div class=\"et_pb_column_4 et_pb_column et-last-child et_flex_column et_pb_css_mix_blend_mode_passthrough et_flex_column_3_5 et_flex_column_3_5_tablet et_flex_column_24_24_phone\">\n<div class=\"et_pb_text_3 et_pb_text et_pb_bg_layout_light et_pb_module et_flex_module preset--module--divi-text--default\"><div class=\"et_pb_text_inner\"><p>Was ist aussagekr\u00e4ftiger als die Verkostung eines unserer Hei\u00dfgetr\u00e4nke vor Ort, um unser Produkt kennenzulernen?<\/p>\n<p>Sie interessieren sich f\u00fcr eine PRESTOLINO Kaffee- und Hei\u00dfgetr\u00e4nkemaschine und m\u00f6chten diese Gesamtl\u00f6sung vorab unter realen Bedingungen am k\u00fcnftigen Einsatzort testen.<\/p>\n<p>Wir bieten Ihnen die M\u00f6glichkeit, dies kostenlos zu tun.<\/p>\n<\/div><\/div>\n\n<div class=\"et_pb_module et_pb_button_module_wrapper et_pb_button_0_wrapper\"><a class=\"et_pb_button_0 et_pb_button et_pb_bg_layout_light et_pb_module et_flex_module\" href=\"https:\/\/cappuccino.ch\/de\/kontakt\/#form-contact\">Kontaktieren Sie uns<\/a><\/div>\n<\/div>\n<\/div>\n<\/div>\n\n<div class=\"et_pb_section_3 et_pb_section et_section_regular et_flex_section\" id=\"pret\">\n<div class=\"et_pb_row_3 et_pb_row et_flex_row\">\n<div class=\"et_pb_column_5 et_pb_column et_flex_column et_pb_css_mix_blend_mode_passthrough et_flex_column_2_5 et_flex_column_2_5_tablet et_flex_column_24_24_phone\">\n<div class=\"et_pb_text_4 et_pb_text et_pb_bg_layout_light et_pb_module et_flex_module preset--module--divi-text--default\"><div class=\"et_pb_text_inner\"><h2>Gebrauchs\u00fcberlassung <\/h2>\n<\/div><\/div>\n<\/div>\n\n<div class=\"et_pb_column_6 et_pb_column et-last-child et_flex_column et_pb_css_mix_blend_mode_passthrough et_flex_column_3_5 et_flex_column_3_5_tablet et_flex_column_24_24_phone\">\n<div class=\"et_pb_text_5 et_pb_text et_pb_bg_layout_light et_pb_module et_flex_module preset--module--divi-text--default\"><div class=\"et_pb_text_inner\"><p>Wir bieten auch die Bereitstellung von PRESTOLINO-Maschinen auf Basis eines Gebrauchs\u00fcberlassungsvertrags an.<\/p>\n<p>Die entnommenen Getr\u00e4nke oder bestellten F\u00fcllzutaten werden dann nach einer \u201eAll-inclusive\u201c-Formel pro Einheit gem\u00e4\u00df einer degressiven Skala abgerechnet.<\/p>\n<p>Die Mindestlaufzeit des Vertrages betr\u00e4gt 3 Jahre.<\/p>\n<\/div><\/div>\n\n<div class=\"et_pb_module et_pb_button_module_wrapper et_pb_button_1_wrapper\"><a class=\"et_pb_button_1 et_pb_button et_pb_bg_layout_light et_pb_module et_flex_module\" href=\"https:\/\/cappuccino.ch\/de\/kontakt\/#form-contact\">Kontaktieren Sie uns<\/a><\/div>\n<\/div>\n<\/div>\n<\/div>\n\n<div class=\"et_pb_section_4 et_pb_section et_section_regular et_flex_section\" id=\"location\">\n<div class=\"et_pb_row_4 et_pb_row et_flex_row\">\n<div class=\"et_pb_column_7 et_pb_column et_flex_column et_pb_css_mix_blend_mode_passthrough et_flex_column_2_5 et_flex_column_2_5_tablet et_flex_column_24_24_phone\">\n<div class=\"et_pb_text_6 et_pb_text et_pb_bg_layout_light et_pb_module et_flex_module preset--module--divi-text--default\"><div class=\"et_pb_text_inner\"><h2>Maschinenvermietung<\/h2>\n<\/div><\/div>\n<\/div>\n\n<div class=\"et_pb_column_8 et_pb_column et-last-child et_flex_column et_pb_css_mix_blend_mode_passthrough et_flex_column_3_5 et_flex_column_3_5_tablet et_flex_column_24_24_phone\">\n<div class=\"et_pb_text_7 et_pb_text et_pb_bg_layout_light et_pb_module et_flex_module preset--module--divi-text--default\"><div class=\"et_pb_text_inner\"><p>PRESTOLINO, Multigetr\u00e4nkeautomaten zur Langzeitmiete (mind. 12 Monate), Saisonmiete oder punktuellen Miete, erm\u00f6glichen eine hohe Flexibilit\u00e4t.<\/p>\n<\/div><\/div>\n<\/div>\n<\/div>\n\n<div class=\"et_pb_row_5 et_pb_row et_flex_row\">\n<div class=\"et_pb_column_9 et_pb_column et-last-child et_flex_column et_pb_css_mix_blend_mode_passthrough et_flex_column_24_24 et_flex_column_24_24_tablet et_flex_column_24_24_phone\">\n<div class=\"et_pb_text_8 et_pb_text et_pb_bg_layout_light et_pb_module et_flex_module preset--module--divi-text--default\"><div class=\"et_pb_text_inner\"><h3>Kurzzeitmiete<\/h3>\n<\/div><\/div>\n\n<div class=\"dipi_price_list_0 dipi_price_list et_pb_module preset--module--dipi-price-list--7x41kl6y2q\"><div class=\"dipi_price_list-main show_lightbox show_lightbox_tablet show_lightbox_phone\">\n<div class=\"dipi_price_list_item_0 dipi_price_list_item et_pb_bg_layout_light et_pb_module\"><div class=\"dipi_price_list_item_wrapper\"><div class=\"dipi_price_list_text_wrapper\"><div class=\"dipi_price_list_header\"><h2 class=\"dipi_price_list_title\">1 jour<\/h2><div class=\"dipi_price_list_separator\"><\/div>\n      <div class=\"dipi_price_list_price\"><span class=\"dipi_price_list_prefix_price\">CHF <\/span><span>250<\/span><span class=\"dipi_price_list_suffix_price\">.\u2013<\/span><\/div>\n      <\/div> <\/div><\/div><\/div>\n\n<div class=\"dipi_price_list_item_1 dipi_price_list_item et_pb_bg_layout_light et_pb_module\"><div class=\"dipi_price_list_item_wrapper\"><div class=\"dipi_price_list_text_wrapper\"><div class=\"dipi_price_list_header\"><h2 class=\"dipi_price_list_title\">Jusqu'\u00e0 3 jours<\/h2><div class=\"dipi_price_list_separator\"><\/div>\n      <div class=\"dipi_price_list_price\"><span class=\"dipi_price_list_prefix_price\">CHF <\/span><span>350<\/span><span class=\"dipi_price_list_suffix_price\">.\u2013<\/span><\/div>\n      <\/div> <\/div><\/div><\/div>\n\n<div class=\"dipi_price_list_item_2 dipi_price_list_item et_pb_bg_layout_light et_pb_module\"><div class=\"dipi_price_list_item_wrapper\"><div class=\"dipi_price_list_text_wrapper\"><div class=\"dipi_price_list_header\"><h2 class=\"dipi_price_list_title\">Par jour suppl\u00e9mentaire<\/h2><div class=\"dipi_price_list_separator\"><\/div>\n      <div class=\"dipi_price_list_price\"><span class=\"dipi_price_list_prefix_price\">CHF <\/span><span>70<\/span><span class=\"dipi_price_list_suffix_price\">.\u2013<\/span><\/div>\n      <\/div> <\/div><\/div><\/div>\n\n<div class=\"dipi_price_list_item_3 dipi_price_list_item et_pb_bg_layout_light et_pb_module\"><div class=\"dipi_price_list_item_wrapper\"><div class=\"dipi_price_list_text_wrapper\"><div class=\"dipi_price_list_header\"><h2 class=\"dipi_price_list_title\">1 semaine<\/h2><div class=\"dipi_price_list_separator\"><\/div>\n      <div class=\"dipi_price_list_price\"><span class=\"dipi_price_list_prefix_price\">CHF <\/span><span>550<\/span><span class=\"dipi_price_list_suffix_price\">.\u2013<\/span><\/div>\n      <\/div> <\/div><\/div><\/div>\n\n<div class=\"dipi_price_list_item_4 dipi_price_list_item et_pb_bg_layout_light et_pb_module\"><div class=\"dipi_price_list_item_wrapper\"><div class=\"dipi_price_list_text_wrapper\"><div class=\"dipi_price_list_header\"><h2 class=\"dipi_price_list_title\">2 semaines<\/h2><div class=\"dipi_price_list_separator\"><\/div>\n      <div class=\"dipi_price_list_price\"><span class=\"dipi_price_list_prefix_price\">CHF <\/span><span>700<\/span><span class=\"dipi_price_list_suffix_price\">.\u2013<\/span><\/div>\n      <\/div> <\/div><\/div><\/div>\n\n<div class=\"dipi_price_list_item_5 dipi_price_list_item et_pb_bg_layout_light et_pb_module\"><div class=\"dipi_price_list_item_wrapper\"><div class=\"dipi_price_list_text_wrapper\"><div class=\"dipi_price_list_header\"><h2 class=\"dipi_price_list_title\">3 semaines<\/h2><div class=\"dipi_price_list_separator\"><\/div>\n      <div class=\"dipi_price_list_price\"><span class=\"dipi_price_list_prefix_price\">CHF <\/span><span>800<\/span><span class=\"dipi_price_list_suffix_price\">.\u2013<\/span><\/div>\n      <\/div> <\/div><\/div><\/div>\n\n<div class=\"dipi_price_list_item_6 dipi_price_list_item et_pb_bg_layout_light et_pb_module\"><div class=\"dipi_price_list_item_wrapper\"><div class=\"dipi_price_list_text_wrapper\"><div class=\"dipi_price_list_header\"><h2 class=\"dipi_price_list_title\">D\u00e9p\u00f4t caution<\/h2><div class=\"dipi_price_list_separator\"><\/div>\n      <div class=\"dipi_price_list_price\"><span class=\"dipi_price_list_prefix_price\">CHF <\/span><span>650<\/span><span class=\"dipi_price_list_suffix_price\">.\u2013<\/span><\/div>\n      <\/div> <\/div><\/div><\/div>\n\n<div class=\"dipi_price_list_item_7 dipi_price_list_item et_pb_bg_layout_light et_pb_module\"><div class=\"dipi_price_list_item_wrapper\"><div class=\"dipi_price_list_text_wrapper\"><div class=\"dipi_price_list_header\"><h2 class=\"dipi_price_list_title\">Livraison \/ reprise par camion<\/h2><div class=\"dipi_price_list_separator\"><\/div>\n      <div class=\"dipi_price_list_price\"><span>Port factur\u00e9<\/span><\/div>\n      <\/div> <\/div><\/div><\/div>\n\n<div class=\"dipi_price_list_item_8 dipi_price_list_item et_pb_bg_layout_light et_pb_module\"><div class=\"dipi_price_list_item_wrapper\"><div class=\"dipi_price_list_text_wrapper\"><div class=\"dipi_price_list_header\"><h2 class=\"dipi_price_list_title\">Livraison \/ reprise <\/h2><div class=\"dipi_price_list_separator\"><\/div>\n      <div class=\"dipi_price_list_price\"><span class=\"dipi_price_list_prefix_price\">CHF\/km <\/span><span>1<\/span><span class=\"dipi_price_list_suffix_price\">.\u2013<\/span><\/div>\n      <\/div> <\/div><\/div><\/div>\n\n<div class=\"dipi_price_list_item_9 dipi_price_list_item et_pb_bg_layout_light et_pb_module\"><div class=\"dipi_price_list_item_wrapper\"><div class=\"dipi_price_list_text_wrapper\"><div class=\"dipi_price_list_header\"><h2 class=\"dipi_price_list_title\">Heures de d\u00e9placement <\/h2><div class=\"dipi_price_list_separator\"><\/div>\n      <div class=\"dipi_price_list_price\"><span class=\"dipi_price_list_prefix_price\">CHF\/h. <\/span><span>80<\/span><span class=\"dipi_price_list_suffix_price\">.\u2013<\/span><\/div>\n      <\/div> <\/div><\/div><\/div>\n\n<div class=\"dipi_price_list_item_10 dipi_price_list_item et_pb_bg_layout_light et_pb_module\"><div class=\"dipi_price_list_item_wrapper\"><div class=\"dipi_price_list_text_wrapper\"><div class=\"dipi_price_list_header\"><h2 class=\"dipi_price_list_title\">Main d'\u0153uvre<\/h2><div class=\"dipi_price_list_separator\"><\/div>\n      <div class=\"dipi_price_list_price\"><span class=\"dipi_price_list_prefix_price\">CHF\/h. <\/span><span>140<\/span><span class=\"dipi_price_list_suffix_price\">.\u2013<\/span><\/div>\n      <\/div> <\/div><\/div><\/div>\n\n<div class=\"dipi_price_list_item_11 dipi_price_list_item et_pb_bg_layout_light et_pb_module\"><div class=\"dipi_price_list_item_wrapper\"><div class=\"dipi_price_list_text_wrapper\"><div class=\"dipi_price_list_header\"><h2 class=\"dipi_price_list_title\">Prise en charge et retour chez vous<\/h2><div class=\"dipi_price_list_separator\"><\/div>\n      <div class=\"dipi_price_list_price\"><span>Gratuit<\/span><\/div>\n      <\/div> <\/div><\/div><\/div>\n\n<div class=\"dipi_price_list_item_12 dipi_price_list_item et_pb_bg_layout_light et_pb_module\"><div class=\"dipi_price_list_item_wrapper\"><div class=\"dipi_price_list_text_wrapper\"><div class=\"dipi_price_list_header\"><h2 class=\"dipi_price_list_title\">Mise \u00e0 disposition \/ livraison<\/h2><div class=\"dipi_price_list_separator\"><\/div>\n      <div class=\"dipi_price_list_price\"><\/div>\n      <\/div> <div class=\"dipi_price_list_content\"><p>Au plus tard la veille ou l'avant-veille de l'\u00e9v\u00e9nement<\/p><\/div><\/div><\/div><\/div>\n\n<div class=\"dipi_price_list_item_13 dipi_price_list_item et_pb_bg_layout_light et_pb_module\"><div class=\"dipi_price_list_item_wrapper\"><div class=\"dipi_price_list_text_wrapper\"><div class=\"dipi_price_list_header\"><h2 class=\"dipi_price_list_title\">Reprise \/ retour<\/h2><div class=\"dipi_price_list_separator\"><\/div>\n      <div class=\"dipi_price_list_price\"><\/div>\n      <\/div> <div class=\"dipi_price_list_content\"><p>D\u00e8s la fin de l'\u00e9v\u00e9nement ou les jours suivants selon disponibilit\u00e9.<\/p>\n<p>La prise en charge et le retour de l'\u00e9quipement, des ingr\u00e9dients de remplissage et fournitures lou\u00e9 directement chez Cappuccino \u00e0 Neuch\u00e2tel reste la solution la plus avantageuse.<\/p><\/div><\/div><\/div><\/div>\n<\/div><\/div>\n<\/div>\n<\/div>\n\n<div class=\"et_pb_row_6 et_pb_row et_flex_row\">\n<div class=\"et_pb_column_10 et_pb_column et-last-child et_flex_column et_pb_css_mix_blend_mode_passthrough et_flex_column_24_24 et_flex_column_24_24_tablet et_flex_column_24_24_phone\">\n<div class=\"et_pb_text_9 et_pb_text et_pb_bg_layout_light et_pb_module et_flex_module preset--module--divi-text--default\"><div class=\"et_pb_text_inner\"><h3>Saisonmiete (mind. 4 Monate)<\/h3>\n<\/div><\/div>\n\n<div class=\"dipi_price_list_1 dipi_price_list et_pb_module preset--module--dipi-price-list--7x41kl6y2q\"><div class=\"dipi_price_list-main show_lightbox show_lightbox_tablet show_lightbox_phone\">\n<div class=\"dipi_price_list_item_14 dipi_price_list_item et_pb_bg_layout_light et_pb_module\"><div class=\"dipi_price_list_item_wrapper\"><div class=\"dipi_price_list_text_wrapper\"><div class=\"dipi_price_list_header\"><h2 class=\"dipi_price_list_title\">Location mensuelle<\/h2><div class=\"dipi_price_list_separator\"><\/div>\n      <div class=\"dipi_price_list_price\"><span class=\"dipi_price_list_prefix_price\">CHF <\/span><span>250 \u00e0 380<\/span><span class=\"dipi_price_list_suffix_price\">.\u2013 <\/span><\/div>\n      <\/div> <div class=\"dipi_price_list_content\"><p>Selon mod\u00e8le<\/p><\/div><\/div><\/div><\/div>\n\n<div class=\"dipi_price_list_item_15 dipi_price_list_item et_pb_bg_layout_light et_pb_module\"><div class=\"dipi_price_list_item_wrapper\"><div class=\"dipi_price_list_text_wrapper\"><div class=\"dipi_price_list_header\"><h2 class=\"dipi_price_list_title\">Livraison, installation et instruction<\/h2><div class=\"dipi_price_list_separator\"><\/div>\n      <div class=\"dipi_price_list_price\"><\/div>\n      <\/div> <div class=\"dipi_price_list_content\"><p>Par camion port factur\u00e9 ou forfaitaire<\/p><\/div><\/div><\/div><\/div>\n<\/div><\/div>\n<\/div>\n<\/div>\n\n<div class=\"et_pb_row_7 et_pb_row et_flex_row\">\n<div class=\"et_pb_column_11 et_pb_column et-last-child et_flex_column et_pb_css_mix_blend_mode_passthrough et_flex_column_24_24 et_flex_column_24_24_tablet et_flex_column_24_24_phone\">\n<div class=\"et_pb_text_10 et_pb_text et_pb_bg_layout_light et_pb_module et_flex_module preset--module--divi-text--default\"><div class=\"et_pb_text_inner\"><h3>Langzeitmiete (mind. 12 Monate)<\/h3>\n<\/div><\/div>\n\n<div class=\"dipi_price_list_2 dipi_price_list et_pb_module preset--module--dipi-price-list--7x41kl6y2q\"><div class=\"dipi_price_list-main show_lightbox show_lightbox_tablet show_lightbox_phone\">\n<div class=\"dipi_price_list_item_16 dipi_price_list_item et_pb_bg_layout_light et_pb_module\"><div class=\"dipi_price_list_item_wrapper\"><div class=\"dipi_price_list_text_wrapper\"><div class=\"dipi_price_list_header\"><h2 class=\"dipi_price_list_title\">Location mensuelle<\/h2><div class=\"dipi_price_list_separator\"><\/div>\n      <div class=\"dipi_price_list_price\"><span class=\"dipi_price_list_prefix_price\">CHF <\/span><span>215 \u00e0 330<\/span><span class=\"dipi_price_list_suffix_price\">.\u2013 <\/span><\/div>\n      <\/div> <div class=\"dipi_price_list_content\"><p>Selon mod\u00e8le<\/p><\/div><\/div><\/div><\/div>\n\n<div class=\"dipi_price_list_item_17 dipi_price_list_item et_pb_bg_layout_light et_pb_module\"><div class=\"dipi_price_list_item_wrapper\"><div class=\"dipi_price_list_text_wrapper\"><div class=\"dipi_price_list_header\"><h2 class=\"dipi_price_list_title\">Livraison, installation et instruction<\/h2><div class=\"dipi_price_list_separator\"><\/div>\n      <div class=\"dipi_price_list_price\"><\/div>\n      <\/div> <div class=\"dipi_price_list_content\"><p>Par camion port factur\u00e9 ou forfaitaire<\/p><\/div><\/div><\/div><\/div>\n<\/div><\/div>\n<\/div>\n<\/div>\n<\/div>\n\n<div class=\"et_pb_section_5 et_pb_section et_section_regular et_flex_section\" id=\"reprise\">\n<div class=\"et_pb_row_8 et_pb_row et_flex_row\">\n<div class=\"et_pb_column_12 et_pb_column et_flex_column et_pb_css_mix_blend_mode_passthrough et_flex_column_2_5 et_flex_column_2_5_tablet et_flex_column_24_24_phone\">\n<div class=\"et_pb_text_11 et_pb_text et_pb_bg_layout_light et_pb_module et_flex_module preset--module--divi-text--default\"><div class=\"et_pb_text_inner\"><h2>R\u00fccknahme von Zutaten und Zubeh\u00f6r<\/h2>\n<\/div><\/div>\n<\/div>\n\n<div class=\"et_pb_column_13 et_pb_column et-last-child et_flex_column et_pb_css_mix_blend_mode_passthrough et_flex_column_3_5 et_flex_column_3_5_tablet et_flex_column_24_24_phone\">\n<div class=\"et_pb_text_12 et_pb_text et_pb_bg_layout_light et_pb_module et_flex_module preset--module--divi-text--default\"><div class=\"et_pb_text_inner\"><p>Wir nehmen die von uns gelieferten Zutaten (Mindesthaltbarkeit von mindestens 6 Monaten) und Zubeh\u00f6rteile zur\u00fcck.<\/p>\n<\/div><\/div>\n\n<div class=\"et_pb_module et_pb_button_module_wrapper et_pb_button_2_wrapper\"><a class=\"et_pb_button_2 et_pb_button et_pb_bg_layout_light et_pb_module et_flex_module\" href=\"https:\/\/cappuccino.ch\/de\/kontakt\/#form-contact\">Kontaktieren Sie uns<\/a><\/div>\n<\/div>\n<\/div>\n<\/div>","protected":false},"excerpt":{"rendered":"","protected":false},"author":1,"featured_media":0,"parent":3605,"menu_order":2,"comment_status":"closed","ping_status":"closed","template":"","meta":{"_acf_changed":false,"footnotes":""},"dipi_cpt_category":[],"class_list":["post-3595","page","type-page","status-publish","hentry"],"acf":[],"_links":{"self":[{"href":"https:\/\/cappuccino.ch\/de\/wp-json\/wp\/v2\/pages\/3595","targetHints":{"allow":["GET"]}}],"collection":[{"href":"https:\/\/cappuccino.ch\/de\/wp-json\/wp\/v2\/pages"}],"about":[{"href":"https:\/\/cappuccino.ch\/de\/wp-json\/wp\/v2\/types\/page"}],"author":[{"embeddable":true,"href":"https:\/\/cappuccino.ch\/de\/wp-json\/wp\/v2\/users\/1"}],"replies":[{"embeddable":true,"href":"https:\/\/cappuccino.ch\/de\/wp-json\/wp\/v2\/comments?post=3595"}],"version-history":[{"count":0,"href":"https:\/\/cappuccino.ch\/de\/wp-json\/wp\/v2\/pages\/3595\/revisions"}],"up":[{"embeddable":true,"href":"https:\/\/cappuccino.ch\/de\/wp-json\/wp\/v2\/pages\/3605"}],"wp:attachment":[{"href":"https:\/\/cappuccino.ch\/de\/wp-json\/wp\/v2\/media?parent=3595"}],"wp:term":[{"taxonomy":"dipi_cpt_category","embeddable":true,"href":"https:\/\/cappuccino.ch\/de\/wp-json\/wp\/v2\/dipi_cpt_category?post=3595"}],"curies":[{"name":"wp","href":"https:\/\/api.w.org\/{rel}","templated":true}]}}