{"id":3597,"date":"2025-12-23T09:32:31","date_gmt":"2025-12-23T08:32:31","guid":{"rendered":"https:\/\/staging251020.contreforme.ch\/dienstleistungen\/"},"modified":"2026-05-04T13:07:56","modified_gmt":"2026-05-04T11:07:56","slug":"dienstleistungen","status":"publish","type":"page","link":"https:\/\/cappuccino.ch\/de\/dienstleistungen\/","title":{"rendered":"Dienstleistungen"},"content":{"rendered":"<div class=\"et_pb_section_0 et_pb_section et_section_regular et_flex_section preset--module--divi-section--kpxv8ll2re preset--module--divi-section--8mlsyqpt2w\">\n<div class=\"et_pb_row_0 et_pb_row et_flex_row\">\n<div class=\"et_pb_column_0 et_pb_column et_flex_column et_pb_css_mix_blend_mode_passthrough et_flex_column_2_5 et_flex_column_2_5_tablet et_flex_column_24_24_phone\">\n<div class=\"et_pb_text_0 et_pb_text et_pb_bg_layout_light et_pb_module et_flex_module preset--module--divi-text--default\"><div class=\"et_pb_text_inner\"><h1>Dienstleistungen<\/h1>\n<\/div><\/div>\n<\/div>\n\n<div class=\"et_pb_column_1 et_pb_column et-last-child et_flex_column et_pb_css_mix_blend_mode_passthrough et_flex_column_3_5 et_flex_column_3_5_tablet et_flex_column_24_24_phone\">\n<div class=\"et_pb_text_1 et_pb_text et_pb_bg_layout_light et_pb_module et_flex_module preset--module--divi-text--default\"><div class=\"et_pb_text_inner\"><p>Service-Center 7\/7<\/p>\n<p>T. <a href=\"tel:+41327211717\">+41 32 721 17 17<\/a><\/p>\n<\/div><\/div>\n<\/div>\n<\/div>\n<\/div>\n\n<div class=\"et_pb_section_1 et_pb_section et_section_regular et_flex_section\">\n<div class=\"et_pb_row_1 et_pb_row et_flex_row bloc\">\n<div class=\"et_pb_column_2 et_pb_column et-last-child et_flex_column et_pb_css_mix_blend_mode_passthrough et_flex_column_24_24 et_flex_column_24_24_tablet et_flex_column_24_24_phone\">\n<div class=\"dipi_button_grid_0 dipi_button_grid et_pb_module\"><div class=\"dipi-button-grid-container\">\n        \n<div class=\"dipi_button_grid_child_0 dipi_button_grid_child dipi-pt-item--Text et_pb_module\"><a class=\"et_pb_button dipi-button-grid dipi-button-wrap\" href=\"#Kundendienst\">Kundendienst<\/a><\/div>\n\n<div class=\"dipi_button_grid_child_1 dipi_button_grid_child dipi-pt-item--Text et_pb_module\"><a class=\"et_pb_button dipi-button-grid dipi-button-wrap\" href=\"#Wartung\">Wartung<\/a><\/div>\n\n<div class=\"dipi_button_grid_child_2 dipi_button_grid_child dipi-pt-item--Text et_pb_module\"><a class=\"et_pb_button dipi-button-grid dipi-button-wrap\" href=\"http:\/\/!--[CDATA[#installation%5D%5D--\">Installation<\/a><\/div>\n\n      <\/div><\/div>\n<\/div>\n<\/div>\n<\/div>\n\n<div class=\"et_pb_section_2 et_pb_section et_section_regular et_flex_section\">\n<div class=\"et_pb_row_2 et_pb_row et_flex_row\">\n<div class=\"et_pb_column_3 et_pb_column et_flex_column et_pb_css_mix_blend_mode_passthrough et_flex_column_2_5 et_flex_column_2_5_tablet et_flex_column_24_24_phone\">\n<div class=\"et_pb_text_2 et_pb_text et_pb_bg_layout_light et_pb_module et_flex_module preset--module--divi-text--default\"><div class=\"et_pb_text_inner\"><h2>After-Sales-Service<\/h2>\n<\/div><\/div>\n<\/div>\n\n<div class=\"et_pb_column_4 et_pb_column et-last-child et_flex_column et_pb_css_mix_blend_mode_passthrough et_flex_column_3_5 et_flex_column_3_5_tablet et_flex_column_24_24_phone\">\n<div class=\"et_pb_text_3 et_pb_text et_pb_bg_layout_light et_pb_module et_flex_module preset--module--divi-text--default\"><div class=\"et_pb_text_inner\"><p>Eines der Hauptmerkmale unserer PRESTOLINO-Kaffee- und Hei\u00dfgetr\u00e4nkeautomaten ist ihre hohe Zuverl\u00e4ssigkeit!<\/p>\n<\/div><\/div>\n\n<div class=\"et_pb_text_4 et_pb_text et_pb_bg_layout_light et_pb_module et_flex_module preset--module--divi-text--default\"><div class=\"et_pb_text_inner\"><p>Obwohl viele St\u00f6rungen telefonisch behoben werden k\u00f6nnen, was Ihnen Kosten erspart, gew\u00e4hrleisten wir einen 7\/7-Pannendienst innerhalb von maximal 24 Stunden.<\/p>\n<p>Bei nicht dringenden Anfragen profitieren Sie von einem g\u00fcnstigeren Tarif f\u00fcr Sammelinterventionen w\u00e4hrend einer Tour.<\/p>\n<p>Unsere Service-Center-Einsatzeinheiten sind in der ganzen Schweiz verteilt, ausgehend von:<\/p>\n<ul>\n<li>Neuenburg (NE)<\/li>\n<li>M\u00e4genwil (AG)<\/li>\n<\/ul>\n<\/div><\/div>\n\n<div class=\"et_pb_text_5 et_pb_text et_pb_bg_layout_light et_pb_module et_flex_module preset--module--divi-text--default\" id=\"sav\"><div class=\"et_pb_text_inner\"><p>Da die PRESTOLINO-Kaffee- und Hei\u00dfgetr\u00e4nkeautomaten einfach zu bedienen und zu warten sind, ist CAPPUCCINO oft auch in der Lage, dem Benutzer telefonisch die notwendigen Anweisungen zu geben, um ein eventuelles Problem zu l\u00f6sen, wodurch jegliche Reise- und Interventionskosten vermieden werden.<\/p>\n<\/div><\/div>\n<\/div>\n<\/div>\n<\/div>\n\n<div class=\"et_pb_section_3 et_pb_section et_section_regular et_flex_section\" id=\"entretien\">\n<div class=\"et_pb_row_3 et_pb_row et_flex_row\">\n<div class=\"et_pb_column_5 et_pb_column et_flex_column et_pb_css_mix_blend_mode_passthrough et_flex_column_2_5 et_flex_column_2_5_tablet et_flex_column_24_24_phone\">\n<div class=\"et_pb_text_6 et_pb_text et_pb_bg_layout_light et_pb_module et_flex_module preset--module--divi-text--default\"><div class=\"et_pb_text_inner\"><h2>Wartung<\/h2>\n<\/div><\/div>\n<\/div>\n\n<div class=\"et_pb_column_6 et_pb_column et-last-child et_flex_column et_pb_css_mix_blend_mode_passthrough et_flex_column_3_5 et_flex_column_3_5_tablet et_flex_column_24_24_phone\">\n<div class=\"et_pb_text_7 et_pb_text et_pb_bg_layout_light et_pb_module et_flex_module preset--module--divi-text--default\"><div class=\"et_pb_text_inner\"><p>Unsere Ger\u00e4te sind mit einem Sp\u00fclprogramm ausgestattet, das \u00fcber das Bedienfeld im Inneren der Maschine aktiviert wird. Ein bis zwei t\u00e4gliche Sp\u00fclungen sind ausreichend.<\/p>\n<p>Je nach Gebrauch lassen sich die Mischteile durchschnittlich einmal pro Woche leicht f\u00fcr eine manuelle Reinigung oder die Reinigung in der Sp\u00fclmaschine demontieren.<\/p>\n<\/div><\/div>\n<\/div>\n<\/div>\n<\/div>\n\n<div class=\"et_pb_section_4 et_pb_section et_section_regular et_flex_section\" id=\"installation\">\n<div class=\"et_pb_row_4 et_pb_row et_flex_row\">\n<div class=\"et_pb_column_7 et_pb_column et_flex_column et_pb_css_mix_blend_mode_passthrough et_flex_column_2_5 et_flex_column_2_5_tablet et_flex_column_24_24_phone\">\n<div class=\"et_pb_text_8 et_pb_text et_pb_bg_layout_light et_pb_module et_flex_module preset--module--divi-text--default\"><div class=\"et_pb_text_inner\"><h2>Installation<\/h2>\n<\/div><\/div>\n<\/div>\n\n<div class=\"et_pb_column_8 et_pb_column et-last-child et_flex_column et_pb_css_mix_blend_mode_passthrough et_flex_column_3_5 et_flex_column_3_5_tablet et_flex_column_24_24_phone\">\n<div class=\"et_pb_text_9 et_pb_text et_pb_bg_layout_light et_pb_module et_flex_module preset--module--divi-text--default\"><div class=\"et_pb_text_inner\"><h3>Elektrizit\u00e4t<\/h3>\n<h4>F\u00fcr Modelle mit 2,3 kW<\/h4>\n<p><strong>Steckdose:<\/strong> 220 \u2013 230 V, 10 \u2013 15 Ampere, Typ T13 oder T23 (bei T23 bitten wir um Benachrichtigung).<\/p>\n<h4>F\u00fcr Modelle mit 6 kW und 9 kW<\/h4>\n<p><strong>Steckdose:<\/strong> 380 \u2013 400 V (3X) 15 Ampere, Steckdose Typ T15 oder T25 (bei T25 bitten wir um Benachrichtigung).<\/p>\n<p>Die Steckdose muss sich maximal 120 cm vom Standort der Maschine entfernt befinden.<\/p>\n<p>Die Steckdose ist ausschlie\u00dflich f\u00fcr die Maschine reserviert (kein anderes Ger\u00e4t an derselben Sicherung). Wenn zwei Maschinen nebeneinander aufgestellt werden, muss eine zweite Steckdose vorgesehen werden, die \u00fcber eine andere Sicherung gespeist wird.<\/p>\n<\/div><\/div>\n\n<div class=\"et_pb_text_10 et_pb_text et_pb_bg_layout_light et_pb_module et_flex_module preset--module--divi-text--default\"><div class=\"et_pb_text_inner\"><h3>Wasser<\/h3>\n<p>Grunds\u00e4tzlich enth\u00e4rtet, kalt, Druck 2\u20136 bar, \u00fcber eine lebensmittelechte Leitung.<\/p>\n<p><strong>Maschine am Festnetz:<\/strong> Anschluss mit \u00be-Zoll-Au\u00dfengewinde in maximal 120 cm Entfernung von der Maschine, mit Absperrventil. Wenn das Ventil entfernt liegt, muss es jederzeit leicht zug\u00e4nglich sein (keine abgeschlossene T\u00fcr, gelagertes Material usw.). Kein Abfluss, au\u00dfer auf Kundenwunsch.<\/p>\n<p><strong>Maschine mit Tauchpumpe und separatem Tank:<\/strong> Trinkwasserhahn zum Bef\u00fcllen des Tanks.<\/p>\n<\/div><\/div>\n\n<div class=\"et_pb_text_11 et_pb_text et_pb_bg_layout_light et_pb_module et_flex_module preset--module--divi-text--default\"><div class=\"et_pb_text_inner\"><h3>Arbeitsplatte<\/h3>\n<p>Falls diese f\u00fcr den Durchgang der Zuleitungen (Wasser und Strom) durchbohrt werden muss, betr\u00e4gt der erforderliche Durchmesser 50 mm, etwa 50 mm von der R\u00fcckwand entfernt, hinter der Maschine, in der Mitte der Breite (oder nach Wunsch).<\/p>\n<\/div><\/div>\n<\/div>\n<\/div>\n<\/div>","protected":false},"excerpt":{"rendered":"","protected":false},"author":1,"featured_media":0,"parent":0,"menu_order":4,"comment_status":"closed","ping_status":"closed","template":"","meta":{"_acf_changed":false,"footnotes":""},"dipi_cpt_category":[],"class_list":["post-3597","page","type-page","status-publish","hentry"],"acf":[],"_links":{"self":[{"href":"https:\/\/cappuccino.ch\/de\/wp-json\/wp\/v2\/pages\/3597","targetHints":{"allow":["GET"]}}],"collection":[{"href":"https:\/\/cappuccino.ch\/de\/wp-json\/wp\/v2\/pages"}],"about":[{"href":"https:\/\/cappuccino.ch\/de\/wp-json\/wp\/v2\/types\/page"}],"author":[{"embeddable":true,"href":"https:\/\/cappuccino.ch\/de\/wp-json\/wp\/v2\/users\/1"}],"replies":[{"embeddable":true,"href":"https:\/\/cappuccino.ch\/de\/wp-json\/wp\/v2\/comments?post=3597"}],"version-history":[{"count":0,"href":"https:\/\/cappuccino.ch\/de\/wp-json\/wp\/v2\/pages\/3597\/revisions"}],"wp:attachment":[{"href":"https:\/\/cappuccino.ch\/de\/wp-json\/wp\/v2\/media?parent=3597"}],"wp:term":[{"taxonomy":"dipi_cpt_category","embeddable":true,"href":"https:\/\/cappuccino.ch\/de\/wp-json\/wp\/v2\/dipi_cpt_category?post=3597"}],"curies":[{"name":"wp","href":"https:\/\/api.w.org\/{rel}","templated":true}]}}