{"id":3605,"date":"2025-12-23T09:26:56","date_gmt":"2025-12-23T08:26:56","guid":{"rendered":"https:\/\/staging251020.contreforme.ch\/maschinen\/"},"modified":"2026-05-04T16:13:45","modified_gmt":"2026-05-04T14:13:45","slug":"maschinen","status":"publish","type":"page","link":"https:\/\/cappuccino.ch\/de\/maschinen\/","title":{"rendered":"Maschinen"},"content":{"rendered":"<div class=\"et_pb_section_0 et_pb_section et_section_regular et_block_section preset--module--divi-section--43ry93q3yd preset--module--divi-section--8mlsyqpt2w\">\n<div class=\"et_pb_row_0 et_pb_row et_block_row preset--module--divi-row--ohzragmkcl preset--module--divi-row--9kjatamdla\">\n<div class=\"et_pb_column_0 et_pb_column et_pb_column_4_4 et-last-child et_block_column et_pb_css_mix_blend_mode_passthrough\">\n<div class=\"et_pb_image_0 et_pb_image et_pb_module et_flex_module preset--module--divi-image--5hygi063qr\"><span class=\"et_pb_image_wrap\"><img decoding=\"async\" src=\"https:\/\/cappuccino.ch\/wp-content\/uploads\/2026\/03\/cappuccino_machines.jpg\" title=\"Cappuccino-Maschinen\" width=\"2048\" height=\"880\" srcset=\"https:\/\/cappuccino.ch\/wp-content\/uploads\/2026\/03\/cappuccino_machines.jpg 2048w, https:\/\/cappuccino.ch\/wp-content\/uploads\/2026\/03\/cappuccino_machines-1280x550.jpg 1280w, https:\/\/cappuccino.ch\/wp-content\/uploads\/2026\/03\/cappuccino_machines-980x421.jpg 980w, https:\/\/cappuccino.ch\/wp-content\/uploads\/2026\/03\/cappuccino_machines-480x206.jpg 480w\" sizes=\"(min-width: 0px) and (max-width: 480px) 480px, (min-width: 481px) and (max-width: 980px) 980px, (min-width: 981px) and (max-width: 1280px) 1280px, (min-width: 1281px) 2048px, 100vw\" class=\"wp-image-2698\" \/><\/span><\/div>\n<\/div>\n<\/div>\n<\/div>\n\n<div class=\"et_pb_section_1 et_pb_section et_section_regular et_block_section\">\n<div class=\"et_pb_row_1 et_pb_row et_flex_row\">\n<div class=\"et_pb_column_1 et_pb_column et_flex_column et_pb_css_mix_blend_mode_passthrough et_flex_column_2_5 et_flex_column_2_5_tablet et_flex_column_24_24_phone\">\n<div class=\"et_pb_text_0 et_pb_text et_pb_bg_layout_light et_pb_module et_grid_module preset--module--divi-text--default\"><div class=\"et_pb_text_inner\"><h1>PRESTOLINO-Maschinen<\/h1>\n<\/div><\/div>\n<\/div>\n\n<div class=\"et_pb_column_2 et_pb_column et-last-child et_flex_column et_pb_css_mix_blend_mode_passthrough et_flex_column_3_5 et_flex_column_3_5_tablet et_flex_column_24_24_phone\">\n<div class=\"et_pb_text_1 et_pb_text et_pb_bg_layout_light et_pb_module et_flex_module preset--module--divi-text--default\"><div class=\"et_pb_text_inner\"><p>Von der Cafeteria bis zum 5-Sterne-Hotel\u2026 <strong>PRESTOLINO<\/strong> von CAPPUCCINO, die vorteilhafte professionelle Multigetr\u00e4nke-L\u00f6sung<\/p>\n<\/div><\/div>\n\n<div class=\"et_pb_text_2 et_pb_text et_pb_bg_layout_light et_pb_module et_flex_module preset--module--divi-text--default\"><div class=\"et_pb_text_inner\"><ul>\n<li>Gleichbleibende Getr\u00e4nkequalit\u00e4t mit cremigem Schaum<\/li>\n<li>Vielseitig und hygienisch<\/li>\n<li>Schneller Service<\/li>\n<li>Zuverl\u00e4ssig mit modernem Design<\/li>\n<li>Einfache Bedienung und unkomplizierte Wartung<\/li>\n<li>Passende L\u00f6sungen f\u00fcr jede Situation: flexible Programmierung, Mobilit\u00e4t<\/li>\n<li>Umweltfreundlich<\/li>\n<\/ul>\n<\/div><\/div>\n\n<div class=\"et_pb_module et_pb_button_module_wrapper et_pb_button_0_wrapper\"><a class=\"et_pb_button_0 et_pb_button et_pb_bg_layout_light et_pb_module et_flex_module\" href=\"\/wp-content\/uploads\/2026\/03\/CAPPUCCINO_Catalogue_2023_FR.pdf\" target=\"_blank\">Laden Sie unseren Katalog herunter<\/a><\/div>\n<\/div>\n<\/div>\n<\/div>\n\n<div class=\"et_pb_section_2 et_pb_section et_section_regular et_flex_section\">\n<div class=\"et_pb_row_2 et_pb_row et_flex_row\">\n<div class=\"et_pb_column_3 et_pb_column et-last-child et_flex_column et_pb_css_mix_blend_mode_passthrough et_flex_column_24_24 et_flex_column_24_24_tablet et_flex_column_24_24_phone\">\n<div class=\"et_pb_text_3 et_pb_text et_pb_bg_layout_light et_pb_module et_flex_module preset--module--divi-text--default\"><div class=\"et_pb_text_inner\"><h2>Unsere PRESTOLINO-Modelle<\/h2>\n<\/div><\/div>\n<\/div>\n<\/div>\n\n<div class=\"et_pb_row_3 et_pb_row et_flex_row et_animated\">\n<div class=\"et_pb_column_4 et_pb_column et-last-child et_flex_column et_pb_css_mix_blend_mode_passthrough et_flex_column_24_24 et_flex_column_24_24_tablet et_flex_column_24_24_phone\">\n\n\n<div class=\"et_pb_group_carousel_1 et_pb_group_carousel et_pb_group et_pb_module et_pb_group_carousel_center_mode et_pb_group_carousel_arrows_inside et_pb_group_carousel_dots_center et_pb_group_carousel_dots_below et_pb_group_carousel_slides_4 cappuccino-mc-carousel\"><div class=\"et_pb_group_carousel_container\"><div class=\"et_pb_group_carousel_track\"><div class=\"et_pb_group_carousel_slide\"><div class=\"et_pb_group_16 et_pb_group et_pb_module et_flex_group et_pb_css_mix_blend_mode_passthrough\">\n<div class=\"et_pb_image_1 et_pb_image et_pb_module et_flex_module\"><span class=\"et_pb_image_wrap\"><img decoding=\"async\" src=\"https:\/\/cappuccino.ch\/wp-content\/uploads\/2026\/01\/CLASSICO-21s-1-2.png\" title=\"CLASSICO-21s-1-2\" width=\"1324\" height=\"1324\" srcset=\"https:\/\/cappuccino.ch\/wp-content\/uploads\/2026\/01\/CLASSICO-21s-1-2.png 1324w, https:\/\/cappuccino.ch\/wp-content\/uploads\/2026\/01\/CLASSICO-21s-1-2-1280x1280.png 1280w, https:\/\/cappuccino.ch\/wp-content\/uploads\/2026\/01\/CLASSICO-21s-1-2-980x980.png 980w, https:\/\/cappuccino.ch\/wp-content\/uploads\/2026\/01\/CLASSICO-21s-1-2-480x480.png 480w\" sizes=\"(min-width: 0px) and (max-width: 480px) 480px, (min-width: 481px) and (max-width: 980px) 980px, (min-width: 981px) and (max-width: 1280px) 1280px, (min-width: 1281px) 1324px, 100vw\" class=\"wp-image-1302\" \/><\/span><\/div>\n\n<div class=\"et_pb_text_20 et_pb_text et_pb_bg_layout_light et_pb_module et_flex_module preset--module--divi-text--default\"><div class=\"et_pb_text_inner\"><h3>CLASSICO 21s<\/h3>\n<p>Die ideale Maschine, um Kompaktheit, Einfachheit und Flexibilit\u00e4t zu vereinen<\/p>\n<\/div><\/div>\n\n<div class=\"et_pb_icon_0 et_pb_icon et_clickable et_pb_module et_flex_module\"><span class=\"et_pb_icon_wrap\"><a href=\"#capmc_prestolino-classico-21s\" target=\"\"><span class=\"et-pb-icon\">\ue050<\/span><\/a><\/span><\/div>\n<\/div><\/div><div class=\"et_pb_group_carousel_slide\"><div class=\"et_pb_group_17 et_pb_group et_pb_module et_flex_group et_pb_css_mix_blend_mode_passthrough\">\n<div class=\"et_pb_image_2 et_pb_image et_pb_module et_flex_module\"><span class=\"et_pb_image_wrap\"><img decoding=\"async\" src=\"https:\/\/cappuccino.ch\/wp-content\/uploads\/2026\/01\/PRESTOLINO-EXPERTO-14S.png\" title=\"PRESTOLINO-EXPERTO-14S\" width=\"1324\" height=\"1324\" srcset=\"https:\/\/cappuccino.ch\/wp-content\/uploads\/2026\/01\/PRESTOLINO-EXPERTO-14S.png 1324w, https:\/\/cappuccino.ch\/wp-content\/uploads\/2026\/01\/PRESTOLINO-EXPERTO-14S-1280x1280.png 1280w, https:\/\/cappuccino.ch\/wp-content\/uploads\/2026\/01\/PRESTOLINO-EXPERTO-14S-980x980.png 980w, https:\/\/cappuccino.ch\/wp-content\/uploads\/2026\/01\/PRESTOLINO-EXPERTO-14S-480x480.png 480w\" sizes=\"(min-width: 0px) and (max-width: 480px) 480px, (min-width: 481px) and (max-width: 980px) 980px, (min-width: 981px) and (max-width: 1280px) 1280px, (min-width: 1281px) 1324px, 100vw\" class=\"wp-image-1305\" \/><\/span><\/div>\n\n<div class=\"et_pb_text_21 et_pb_text et_pb_bg_layout_light et_pb_module et_flex_module preset--module--divi-text--default\"><div class=\"et_pb_text_inner\"><h3>EXPERTO 14S<\/h3>\n<p>Die ideale Maschine f\u00fcr alle Anforderungen, von der Tasse bis zur Ein-Liter-Kanne.<\/p>\n<\/div><\/div>\n\n<div class=\"et_pb_icon_1 et_pb_icon et_clickable et_pb_module et_flex_module\"><span class=\"et_pb_icon_wrap\"><a href=\"#capmc_prestolino-experto-14s\" target=\"\"><span class=\"et-pb-icon\">\ue050<\/span><\/a><\/span><\/div>\n<\/div><\/div><div class=\"et_pb_group_carousel_slide\"><div class=\"et_pb_group_18 et_pb_group et_pb_module et_flex_group et_pb_css_mix_blend_mode_passthrough\">\n<div class=\"et_pb_image_3 et_pb_image et_pb_module et_flex_module\"><span class=\"et_pb_image_wrap\"><img decoding=\"async\" src=\"https:\/\/cappuccino.ch\/wp-content\/uploads\/2026\/01\/PRESTOLINO-CLASSICO-128-ND.png\" title=\"PRESTOLINO-CLASSICO-128-ND\" width=\"1324\" height=\"1324\" srcset=\"https:\/\/cappuccino.ch\/wp-content\/uploads\/2026\/01\/PRESTOLINO-CLASSICO-128-ND.png 1324w, https:\/\/cappuccino.ch\/wp-content\/uploads\/2026\/01\/PRESTOLINO-CLASSICO-128-ND-1280x1280.png 1280w, https:\/\/cappuccino.ch\/wp-content\/uploads\/2026\/01\/PRESTOLINO-CLASSICO-128-ND-980x980.png 980w, https:\/\/cappuccino.ch\/wp-content\/uploads\/2026\/01\/PRESTOLINO-CLASSICO-128-ND-480x480.png 480w\" sizes=\"(min-width: 0px) and (max-width: 480px) 480px, (min-width: 481px) and (max-width: 980px) 980px, (min-width: 981px) and (max-width: 1280px) 1280px, (min-width: 1281px) 1324px, 100vw\" class=\"wp-image-1303\" \/><\/span><\/div>\n\n<div class=\"et_pb_text_22 et_pb_text et_pb_bg_layout_light et_pb_module et_flex_module preset--module--divi-text--default\"><div class=\"et_pb_text_inner\"><h3>CLASSICO 128 ND<\/h3>\n<p>Die ideale Maschine, um Langlebigkeit und Leistung in einem kompakten Format zu vereinen.<\/p>\n<\/div><\/div>\n\n<div class=\"et_pb_icon_2 et_pb_icon et_clickable et_pb_module et_flex_module\"><span class=\"et_pb_icon_wrap\"><a href=\"#capmc_prestolino-classico-128-nd\" target=\"\"><span class=\"et-pb-icon\">\ue050<\/span><\/a><\/span><\/div>\n<\/div><\/div><div class=\"et_pb_group_carousel_slide\"><div class=\"et_pb_group_19 et_pb_group et_pb_module et_flex_group et_pb_css_mix_blend_mode_passthrough\">\n<div class=\"et_pb_image_4 et_pb_image et_pb_module et_flex_module\"><span class=\"et_pb_image_wrap\"><img decoding=\"async\" src=\"https:\/\/cappuccino.ch\/wp-content\/uploads\/2026\/01\/TACTO-13G.png\" title=\"TACTO-13G\" width=\"1324\" height=\"1324\" srcset=\"https:\/\/cappuccino.ch\/wp-content\/uploads\/2026\/01\/TACTO-13G.png 1324w, https:\/\/cappuccino.ch\/wp-content\/uploads\/2026\/01\/TACTO-13G-1280x1280.png 1280w, https:\/\/cappuccino.ch\/wp-content\/uploads\/2026\/01\/TACTO-13G-980x980.png 980w, https:\/\/cappuccino.ch\/wp-content\/uploads\/2026\/01\/TACTO-13G-480x480.png 480w\" sizes=\"(min-width: 0px) and (max-width: 480px) 480px, (min-width: 481px) and (max-width: 980px) 980px, (min-width: 981px) and (max-width: 1280px) 1280px, (min-width: 1281px) 1324px, 100vw\" class=\"wp-image-1307\" \/><\/span><\/div>\n\n<div class=\"et_pb_text_23 et_pb_text et_pb_bg_layout_light et_pb_module et_flex_module preset--module--divi-text--default\"><div class=\"et_pb_text_inner\"><h3>TACTO 13G<\/h3>\n<p>Die ideale Maschine, um Volumen und Vielfalt an Bohnen- und Instantgetr\u00e4nken zu einem attraktiven Preis zu kombinieren.<\/p>\n<\/div><\/div>\n\n<div class=\"et_pb_icon_3 et_pb_icon et_clickable et_pb_module et_flex_module\"><span class=\"et_pb_icon_wrap\"><a href=\"#capmc_prestolino-tacto-13g\" target=\"\"><span class=\"et-pb-icon\">\ue050<\/span><\/a><\/span><\/div>\n<\/div><\/div><div class=\"et_pb_group_carousel_slide\"><div class=\"et_pb_group_20 et_pb_group et_pb_module et_flex_group et_pb_css_mix_blend_mode_passthrough\">\n<div class=\"et_pb_image_5 et_pb_image et_pb_module et_flex_module\"><span class=\"et_pb_image_wrap\"><img decoding=\"async\" src=\"https:\/\/cappuccino.ch\/wp-content\/uploads\/2026\/01\/TACTO-14S-2.png\" title=\"TACTO-14S-2\" width=\"1324\" height=\"1324\" srcset=\"https:\/\/cappuccino.ch\/wp-content\/uploads\/2026\/01\/TACTO-14S-2.png 1324w, https:\/\/cappuccino.ch\/wp-content\/uploads\/2026\/01\/TACTO-14S-2-1280x1280.png 1280w, https:\/\/cappuccino.ch\/wp-content\/uploads\/2026\/01\/TACTO-14S-2-980x980.png 980w, https:\/\/cappuccino.ch\/wp-content\/uploads\/2026\/01\/TACTO-14S-2-480x480.png 480w\" sizes=\"(min-width: 0px) and (max-width: 480px) 480px, (min-width: 481px) and (max-width: 980px) 980px, (min-width: 981px) and (max-width: 1280px) 1280px, (min-width: 1281px) 1324px, 100vw\" class=\"wp-image-1308\" \/><\/span><\/div>\n\n<div class=\"et_pb_text_24 et_pb_text et_pb_bg_layout_light et_pb_module et_flex_module preset--module--divi-text--default\"><div class=\"et_pb_text_inner\"><h3>TACTO 14S<\/h3>\n<p>Die ideale Maschine, um die ganze Vielfalt von Kaffee, Milch und Schokolade anzubieten.<\/p>\n<\/div><\/div>\n\n<div class=\"et_pb_icon_4 et_pb_icon et_clickable et_pb_module et_flex_module\"><span class=\"et_pb_icon_wrap\"><a href=\"#capmc_prestolino-tacto-14s\" target=\"\"><span class=\"et-pb-icon\">\ue050<\/span><\/a><\/span><\/div>\n<\/div><\/div><div class=\"et_pb_group_carousel_slide\"><div class=\"et_pb_group_21 et_pb_group et_pb_module et_flex_group et_pb_css_mix_blend_mode_passthrough\">\n<div class=\"et_pb_image_6 et_pb_image et_pb_module et_flex_module\"><span class=\"et_pb_image_wrap\"><img decoding=\"async\" src=\"https:\/\/cappuccino.ch\/wp-content\/uploads\/2026\/01\/PRESTOLINO-TACTO-COMPACT-12.png\" title=\"PRESTOLINO-TACTO-COMPACT-12\" width=\"1324\" height=\"1324\" srcset=\"https:\/\/cappuccino.ch\/wp-content\/uploads\/2026\/01\/PRESTOLINO-TACTO-COMPACT-12.png 1324w, https:\/\/cappuccino.ch\/wp-content\/uploads\/2026\/01\/PRESTOLINO-TACTO-COMPACT-12-1280x1280.png 1280w, https:\/\/cappuccino.ch\/wp-content\/uploads\/2026\/01\/PRESTOLINO-TACTO-COMPACT-12-980x980.png 980w, https:\/\/cappuccino.ch\/wp-content\/uploads\/2026\/01\/PRESTOLINO-TACTO-COMPACT-12-480x480.png 480w\" sizes=\"(min-width: 0px) and (max-width: 480px) 480px, (min-width: 481px) and (max-width: 980px) 980px, (min-width: 981px) and (max-width: 1280px) 1280px, (min-width: 1281px) 1324px, 100vw\" class=\"wp-image-1306\" \/><\/span><\/div>\n\n<div class=\"et_pb_text_25 et_pb_text et_pb_bg_layout_light et_pb_module et_flex_module preset--module--divi-text--default\"><div class=\"et_pb_text_inner\"><h3>COMPACT 12<\/h3>\n<p>Die ideale kompakte Maschine, um Kaffeebohnen und Instantprodukte ganz einfach zu genie\u00dfen.<\/p>\n<\/div><\/div>\n\n<div class=\"et_pb_icon_5 et_pb_icon et_clickable et_pb_module et_flex_module\"><span class=\"et_pb_icon_wrap\"><a href=\"#capmc_prestolino-tacto-compact-12\" target=\"\"><span class=\"et-pb-icon\">\ue050<\/span><\/a><\/span><\/div>\n<\/div><\/div><div class=\"et_pb_group_carousel_slide\"><div class=\"et_pb_group_22 et_pb_group et_pb_module et_flex_group et_pb_css_mix_blend_mode_passthrough\">\n<div class=\"et_pb_image_7 et_pb_image et_pb_module et_flex_module\"><span class=\"et_pb_image_wrap\"><img decoding=\"async\" src=\"https:\/\/cappuccino.ch\/wp-content\/uploads\/2026\/01\/PRESTOLINO-EXCEL-846.png\" title=\"PRESTOLINO-EXCEL-846\" width=\"1324\" height=\"1324\" srcset=\"https:\/\/cappuccino.ch\/wp-content\/uploads\/2026\/01\/PRESTOLINO-EXCEL-846.png 1324w, https:\/\/cappuccino.ch\/wp-content\/uploads\/2026\/01\/PRESTOLINO-EXCEL-846-1280x1280.png 1280w, https:\/\/cappuccino.ch\/wp-content\/uploads\/2026\/01\/PRESTOLINO-EXCEL-846-980x980.png 980w, https:\/\/cappuccino.ch\/wp-content\/uploads\/2026\/01\/PRESTOLINO-EXCEL-846-480x480.png 480w\" sizes=\"(min-width: 0px) and (max-width: 480px) 480px, (min-width: 481px) and (max-width: 980px) 980px, (min-width: 981px) and (max-width: 1280px) 1280px, (min-width: 1281px) 1324px, 100vw\" class=\"wp-image-1304\" \/><\/span><\/div>\n\n<div class=\"et_pb_text_26 et_pb_text et_pb_bg_layout_light et_pb_module et_flex_module preset--module--divi-text--default\"><div class=\"et_pb_text_inner\"><h3>Excel 846<\/h3>\n<p>Die ideale Maschine f\u00fcr eine zentrale Produktion von mehr als 300 l\/Stunde<\/p>\n<\/div><\/div>\n\n<div class=\"et_pb_icon_6 et_pb_icon et_clickable et_pb_module et_flex_module\"><span class=\"et_pb_icon_wrap\"><a href=\"#capmc_prestolino-excel-846\" target=\"\"><span class=\"et-pb-icon\">\ue050<\/span><\/a><\/span><\/div>\n<\/div><\/div><div class=\"et_pb_group_carousel_slide\"><div class=\"et_pb_group_23 et_pb_group et-last-child et_pb_module et_flex_group et_pb_css_mix_blend_mode_passthrough\">\n<div class=\"et_pb_image_8 et_pb_image et_pb_module et_flex_module\"><span class=\"et_pb_image_wrap\"><img decoding=\"async\" src=\"https:\/\/cappuccino.ch\/wp-content\/uploads\/2026\/02\/PRESTOLINO-OPTIMO-42-TS-HS-DUO.png\" title=\"PRESTOLINO-OPTIMO-42- TS-HS-DUO\" width=\"1324\" height=\"1324\" srcset=\"https:\/\/cappuccino.ch\/wp-content\/uploads\/2026\/02\/PRESTOLINO-OPTIMO-42-TS-HS-DUO.png 1324w, https:\/\/cappuccino.ch\/wp-content\/uploads\/2026\/02\/PRESTOLINO-OPTIMO-42-TS-HS-DUO-1280x1280.png 1280w, https:\/\/cappuccino.ch\/wp-content\/uploads\/2026\/02\/PRESTOLINO-OPTIMO-42-TS-HS-DUO-980x980.png 980w, https:\/\/cappuccino.ch\/wp-content\/uploads\/2026\/02\/PRESTOLINO-OPTIMO-42-TS-HS-DUO-480x480.png 480w\" sizes=\"(min-width: 0px) and (max-width: 480px) 480px, (min-width: 481px) and (max-width: 980px) 980px, (min-width: 981px) and (max-width: 1280px) 1280px, (min-width: 1281px) 1324px, 100vw\" class=\"wp-image-2264\" \/><\/span><\/div>\n\n<div class=\"et_pb_text_27 et_pb_text et_pb_bg_layout_light et_pb_module et_flex_module preset--module--divi-text--default\"><div class=\"et_pb_text_inner\"><h3>OPTIMO 42 TS HS DUO<\/h3>\n<p>Die ideale Maschine, um schnell zwei Getr\u00e4nke gleichzeitig zu servieren.<\/p>\n<\/div><\/div>\n\n<div class=\"et_pb_icon_7 et_pb_icon et_clickable et_pb_module et_flex_module\"><span class=\"et_pb_icon_wrap\"><a href=\"#capmc_prestolino-optimo-42-ts-hs-duo\" target=\"\"><span class=\"et-pb-icon\">\ue050<\/span><\/a><\/span><\/div>\n<\/div><\/div><\/div><\/div><span class=\"et_pb_group_carousel_arrow et_pb_group_carousel_arrow_prev\" role=\"button\" tabindex=\"0\" aria-label=\"Previous slide\"><span class=\"et-pb-icon\">4<\/span><\/span><span class=\"et_pb_group_carousel_arrow et_pb_group_carousel_arrow_next\" role=\"button\" tabindex=\"0\" aria-label=\"Next slide\"><span class=\"et-pb-icon\">5<\/span><\/span><div class=\"et_pb_group_carousel_dots\"><\/div><\/div>\n<\/div>\n<\/div>\n<\/div>","protected":false},"excerpt":{"rendered":"","protected":false},"author":1,"featured_media":0,"parent":0,"menu_order":2,"comment_status":"closed","ping_status":"closed","template":"machines-cappuccino.php","meta":{"_acf_changed":false,"footnotes":""},"dipi_cpt_category":[],"class_list":["post-3605","page","type-page","status-publish","hentry"],"acf":[],"_links":{"self":[{"href":"https:\/\/cappuccino.ch\/de\/wp-json\/wp\/v2\/pages\/3605","targetHints":{"allow":["GET"]}}],"collection":[{"href":"https:\/\/cappuccino.ch\/de\/wp-json\/wp\/v2\/pages"}],"about":[{"href":"https:\/\/cappuccino.ch\/de\/wp-json\/wp\/v2\/types\/page"}],"author":[{"embeddable":true,"href":"https:\/\/cappuccino.ch\/de\/wp-json\/wp\/v2\/users\/1"}],"replies":[{"embeddable":true,"href":"https:\/\/cappuccino.ch\/de\/wp-json\/wp\/v2\/comments?post=3605"}],"version-history":[{"count":3,"href":"https:\/\/cappuccino.ch\/de\/wp-json\/wp\/v2\/pages\/3605\/revisions"}],"predecessor-version":[{"id":3987,"href":"https:\/\/cappuccino.ch\/de\/wp-json\/wp\/v2\/pages\/3605\/revisions\/3987"}],"wp:attachment":[{"href":"https:\/\/cappuccino.ch\/de\/wp-json\/wp\/v2\/media?parent=3605"}],"wp:term":[{"taxonomy":"dipi_cpt_category","embeddable":true,"href":"https:\/\/cappuccino.ch\/de\/wp-json\/wp\/v2\/dipi_cpt_category?post=3605"}],"curies":[{"name":"wp","href":"https:\/\/api.w.org\/{rel}","templated":true}]}}