{"id":3607,"date":"2025-12-23T09:27:09","date_gmt":"2025-12-23T08:27:09","guid":{"rendered":"https:\/\/staging251020.contreforme.ch\/maschinen\/zubehoer\/"},"modified":"2026-05-08T14:47:17","modified_gmt":"2026-05-08T12:47:17","slug":"zubehoer","status":"publish","type":"page","link":"https:\/\/cappuccino.ch\/de\/maschinen\/zubehoer\/","title":{"rendered":"Zubeh\u00f6r"},"content":{"rendered":"\r\n\r\n<div class=\"et_pb_section_0 et_pb_section et_section_regular et_flex_section preset--group--divi-section--divi-spacing--nested--5ck8sf2886 preset--group--divi-section--divi-spacing--hz5ljtx--5ck8sf2886 preset--module--divi-section--kpxv8ll2re preset--module--divi-section--8mlsyqpt2w\">\r\n\r\n<div class=\"et_pb_row_0 et_pb_row et_flex_row\">\r\n\r\n<div class=\"et_pb_column_0 et_pb_column et_flex_column et_pb_css_mix_blend_mode_passthrough et_flex_column_2_5 et_flex_column_2_5_tablet et_flex_column_24_24_phone\">\r\n\r\n<div class=\"et_pb_text_0 et_pb_text et_pb_bg_layout_light et_pb_module et_flex_module preset--group--divi-text--divi-font-header--h1y3ko5--3nc9bf89r5 preset--group--divi-text--divi-font-body--h19rs5u--default preset--group--divi-text--divi-font-body--h1yjkjr--default preset--module--divi-text--default\"><div class=\"et_pb_text_inner\"><h1>Zubeh\u00f6r<\/h1>\n<\/div><\/div><\/div>\r\n\r\n<div class=\"et_pb_column_1 et_pb_column et-last-child et_flex_column et_pb_css_mix_blend_mode_passthrough et_flex_column_3_5 et_flex_column_3_5_tablet et_flex_column_24_24_phone\">\r\n\r\n<div class=\"et_pb_text_1 et_pb_text et_pb_bg_layout_dark et_pb_module et_flex_module preset--group--divi-text--divi-font-header--h1y3ko5--default preset--group--divi-text--divi-font-body--h1yjkjr--zhnm2oss6m preset--module--divi-text--default\"><div class=\"et_pb_text_inner\"><p>Um Ihnen eine ma\u00dfgeschneiderte Gesamtl\u00f6sung anzubieten, bietet CAPPUCCINO verschiedene Ausstattungsoptionen.<\/p>\n<\/div><\/div>\r\n\r\n<div class=\"et_pb_module et_pb_button_module_wrapper et_pb_button_0_wrapper\"><a class=\"et_pb_button_0 et_pb_button et_pb_bg_layout_light et_pb_module et_flex_module\" href=\"https:\/\/cappuccino.ch\/de\/kontakt\/#form-contact\">Kontaktieren Sie uns<\/a><\/div><\/div><\/div><\/div>\r\n\r\n<div class=\"et_pb_section_1 et_pb_section et_section_regular et_flex_section\">\r\n\r\n<div class=\"et_pb_row_1 et_pb_row et_flex_row preset--module--divi-row--eq731or83y\">\r\n\r\n<div class=\"et_pb_column_2 et_pb_column et_flex_column et_pb_css_mix_blend_mode_passthrough et_flex_column_2_5 et_flex_column_2_5_tablet et_flex_column_24_24_phone\">\r\n\r\n<div class=\"et_pb_text_2 et_pb_text et_pb_bg_layout_light et_pb_module et_flex_module preset--group--divi-text--divi-font-header--h1y3ko5--default preset--group--divi-text--divi-font-body--h19rs5u--default preset--group--divi-text--divi-font-body--h1yjkjr--default preset--module--divi-text--default\"><div class=\"et_pb_text_inner\"><h3>M\u00fcnzpr\u00fcfer mei cf 7000<\/h3>\n<\/div><\/div>\r\n\r\n<div class=\"et_pb_image_0 et_pb_image et_pb_module et_flex_module\"><span class=\"et_pb_image_wrap\"><img decoding=\"async\" src=\"https:\/\/cappuccino.ch\/wp-content\/uploads\/2026\/01\/MONNAYEUR-MEI-CF-7000-121x300-1.png\" title=\"MONNAYEUR-MEI-CF-7000-121x300\" width=\"121\" height=\"300\" srcset=\"https:\/\/cappuccino.ch\/wp-content\/uploads\/2026\/01\/MONNAYEUR-MEI-CF-7000-121x300-1.png 121w\" sizes=\"(max-width: 121px) 100vw, 121px\" class=\"wp-image-641\" \/><\/span><\/div><\/div>\r\n\r\n<div class=\"et_pb_column_3 et_pb_column et-last-child et_flex_column et_pb_css_mix_blend_mode_passthrough et_flex_column_3_5 et_flex_column_3_5_tablet et_flex_column_24_24_phone\">\r\n\r\n<div class=\"et_pb_accordion_0 et_pb_accordion et_pb_module et_flex_module preset--group--divi-accordion--divi-font-body--h19rs5u--default preset--module--divi-accordion--p0hxja1g41 preset--module--divi-accordion--s2gn01svnd\">\r\n\r\n<div class=\"et_pb_accordion_item_0 et_pb_accordion_item et_pb_toggle et_pb_module et_pb_toggle_open et_flex_module preset--group--divi-accordion-item--divi-font-body--h19rs5u--default preset--module--divi-accordion-item--ptiazzh2tz\"><h4 class=\"et_pb_toggle_title\">Eigenschaften<\/h4><div class=\"et_pb_toggle_content et_flex_module\"><ul>\n<li>Mit M\u00fcnzen oder Jetons, mit R\u00fcckgeld<\/li>\n<li>Gro\u00dfes und intuitives Display<\/li>\n<li>Entwickelt f\u00fcr einfache Konfiguration und Wartung<\/li>\n<li>Kassette mit 5 R\u00f6hren hoher Kapazit\u00e4t<\/li>\n<li>Hohe Wasser- und Blockierungsbest\u00e4ndigkeit<\/li>\n<\/ul>\n<\/div><\/div>\r\n\r\n<div class=\"et_pb_accordion_item_1 et_pb_accordion_item et_pb_toggle et_pb_module et_pb_toggle_close et_flex_module preset--group--divi-accordion-item--divi-font-body--h19rs5u--default preset--module--divi-accordion-item--ptiazzh2tz\"><h4 class=\"et_pb_toggle_title\">Abmessungen<\/h4><div class=\"et_pb_toggle_content et_flex_module\"><p>B.\/T.\/H. 138 x 80 x 371 mm<\/p>\n<\/div><\/div><\/div><\/div><\/div>\r\n\r\n<div class=\"et_pb_row_2 et_pb_row et_flex_row preset--module--divi-row--eq731or83y\">\r\n\r\n<div class=\"et_pb_column_4 et_pb_column et_flex_column et_pb_css_mix_blend_mode_passthrough et_flex_column_2_5 et_flex_column_2_5_tablet et_flex_column_24_24_phone\">\r\n\r\n<div class=\"et_pb_text_3 et_pb_text et_pb_bg_layout_light et_pb_module et_flex_module preset--group--divi-text--divi-font-header--h1y3ko5--default preset--group--divi-text--divi-font-body--h19rs5u--default preset--group--divi-text--divi-font-body--h1yjkjr--default preset--module--divi-text--default\"><div class=\"et_pb_text_inner\"><h3>Tauchpumpensystem<\/h3>\n<\/div><\/div>\r\n\r\n<div class=\"et_pb_image_1 et_pb_image et_pb_module et_flex_module\"><span class=\"et_pb_image_wrap\"><img decoding=\"async\" src=\"https:\/\/cappuccino.ch\/wp-content\/uploads\/2026\/01\/SYSTEME-A-POMPE-A-IMMERSION.png\" title=\"SYSTEME-A-POMPE-A-IMMERSION\" width=\"226\" height=\"168\" srcset=\"https:\/\/cappuccino.ch\/wp-content\/uploads\/2026\/01\/SYSTEME-A-POMPE-A-IMMERSION.png 226w\" sizes=\"(max-width: 226px) 100vw, 226px\" class=\"wp-image-643\" \/><\/span><\/div><\/div>\r\n\r\n<div class=\"et_pb_column_5 et_pb_column et-last-child et_flex_column et_pb_css_mix_blend_mode_passthrough et_flex_column_3_5 et_flex_column_3_5_tablet et_flex_column_24_24_phone\">\r\n\r\n<div class=\"et_pb_text_4 et_pb_text et_pb_bg_layout_light et_pb_module et_flex_module preset--group--divi-text--divi-font-header--h1y3ko5--default preset--group--divi-text--divi-font-body--h19rs5u--default preset--group--divi-text--divi-font-body--h1yjkjr--default preset--module--divi-text--default\"><div class=\"et_pb_text_inner\"><h4>Eigenschaften<\/h4>\n<ul>\n<li>Kompakt und leicht<\/li>\n<li>Sehr leise<\/li>\n<li>Lange Lebensdauer<\/li>\n<li>Geringer Energieverbrauch<\/li>\n<\/ul>\n<\/div><\/div><\/div><\/div>\r\n\r\n<div class=\"et_pb_row_3 et_pb_row et_flex_row preset--module--divi-row--eq731or83y\">\r\n\r\n<div class=\"et_pb_column_6 et_pb_column et_flex_column et_pb_css_mix_blend_mode_passthrough et_flex_column_2_5 et_flex_column_2_5_tablet et_flex_column_24_24_phone\">\r\n\r\n<div class=\"et_pb_text_5 et_pb_text et_pb_bg_layout_light et_pb_module et_flex_module preset--group--divi-text--divi-font-header--h1y3ko5--default preset--group--divi-text--divi-font-body--h19rs5u--default preset--group--divi-text--divi-font-body--h1yjkjr--default preset--module--divi-text--default\"><div class=\"et_pb_text_inner\"><h3>Wassertanks<\/h3>\n<\/div><\/div>\r\n\r\n<div class=\"et_pb_image_2 et_pb_image et_pb_module et_flex_module\"><span class=\"et_pb_image_wrap\"><img decoding=\"async\" src=\"https:\/\/cappuccino.ch\/wp-content\/uploads\/2026\/01\/RESERVOIRS-A-EAU-221x300-1.png\" title=\"RESERVOIRS-A-EAU-221x300\" width=\"221\" height=\"300\" srcset=\"https:\/\/cappuccino.ch\/wp-content\/uploads\/2026\/01\/RESERVOIRS-A-EAU-221x300-1.png 221w\" sizes=\"(max-width: 221px) 100vw, 221px\" class=\"wp-image-644\" \/><\/span><\/div><\/div>\r\n\r\n<div class=\"et_pb_column_7 et_pb_column et-last-child et_flex_column et_pb_css_mix_blend_mode_passthrough et_flex_column_3_5 et_flex_column_3_5_tablet et_flex_column_24_24_phone\">\r\n\r\n<div class=\"et_pb_accordion_1 et_pb_accordion et_pb_module et_flex_module preset--group--divi-accordion--divi-font-body--h19rs5u--default preset--module--divi-accordion--p0hxja1g41 preset--module--divi-accordion--s2gn01svnd\">\r\n\r\n<div class=\"et_pb_accordion_item_2 et_pb_accordion_item et_pb_toggle et_pb_module et_pb_toggle_open et_flex_module preset--group--divi-accordion-item--divi-font-body--h19rs5u--default preset--module--divi-accordion-item--ptiazzh2tz preset--module--divi-accordion-item--mhmdwemqef\"><h4 class=\"et_pb_toggle_title\">Eigenschaften<\/h4><div class=\"et_pb_toggle_content et_flex_module\"><ul>\n<li>Lebensmittelechter Kunststoff<\/li>\n<li>B\u00fcgelgriff<\/li>\n<li>Aufsteckkappe mit \u00d6ffnung<\/li>\n<\/ul>\n<\/div><\/div>\r\n\r\n<div class=\"et_pb_accordion_item_3 et_pb_accordion_item et_pb_toggle et_pb_module et_pb_toggle_close et_flex_module preset--group--divi-accordion-item--divi-font-body--h19rs5u--default preset--module--divi-accordion-item--ptiazzh2tz\"><h4 class=\"et_pb_toggle_title\">Konfigurationen<\/h4><div class=\"et_pb_toggle_content et_flex_module\"><p>\u2022 13 L<br \/>\u2022 25 L<\/p>\n<\/div><\/div>\r\n\r\n<div class=\"et_pb_accordion_item_4 et_pb_accordion_item et_pb_toggle et_pb_module et_pb_toggle_close et_flex_module preset--group--divi-accordion-item--divi-font-body--h19rs5u--default preset--module--divi-accordion-item--ptiazzh2tz\"><h4 class=\"et_pb_toggle_title\">Abmessungen<\/h4><div class=\"et_pb_toggle_content et_flex_module\"><ul>\n<li>13 L: B.\/T.\/H. 28 x 15 x 38 cm<\/li>\n<li>25 L: B.\/T.\/H. 24 x 24 x 48 cm<\/li>\n<\/ul>\n<\/div><\/div><\/div><\/div><\/div>\r\n\r\n<div class=\"et_pb_row_4 et_pb_row et_flex_row preset--module--divi-row--eq731or83y\">\r\n\r\n<div class=\"et_pb_column_8 et_pb_column et_flex_column et_pb_css_mix_blend_mode_passthrough et_flex_column_2_5 et_flex_column_2_5_tablet et_flex_column_24_24_phone\">\r\n\r\n<div class=\"et_pb_text_6 et_pb_text et_pb_bg_layout_light et_pb_module et_flex_module preset--group--divi-text--divi-font-header--h1y3ko5--default preset--group--divi-text--divi-font-body--h19rs5u--default preset--group--divi-text--divi-font-body--h1yjkjr--default preset--module--divi-text--default\"><div class=\"et_pb_text_inner\"><h3>Servicewagen<\/h3>\n<\/div><\/div>\r\n\r\n<div class=\"et_pb_image_3 et_pb_image et_pb_module et_flex_module\"><span class=\"et_pb_image_wrap\"><img decoding=\"async\" src=\"https:\/\/cappuccino.ch\/wp-content\/uploads\/2026\/01\/IMG_3821_web-195x300-1.jpg\" title=\"IMG_3821_web-195x300\" width=\"195\" height=\"300\" srcset=\"https:\/\/cappuccino.ch\/wp-content\/uploads\/2026\/01\/IMG_3821_web-195x300-1.jpg 195w\" sizes=\"(max-width: 195px) 100vw, 195px\" class=\"wp-image-648\" \/><\/span><\/div><\/div>\r\n\r\n<div class=\"et_pb_column_9 et_pb_column et-last-child et_flex_column et_pb_css_mix_blend_mode_passthrough et_flex_column_3_5 et_flex_column_3_5_tablet et_flex_column_24_24_phone\">\r\n\r\n<div class=\"et_pb_accordion_2 et_pb_accordion et_pb_module et_flex_module preset--group--divi-accordion--divi-font-body--h19rs5u--default preset--module--divi-accordion--p0hxja1g41 preset--module--divi-accordion--s2gn01svnd\">\r\n\r\n<div class=\"et_pb_accordion_item_5 et_pb_accordion_item et_pb_toggle et_pb_module et_pb_toggle_open et_flex_module preset--group--divi-accordion-item--divi-font-body--h19rs5u--default preset--module--divi-accordion-item--ptiazzh2tz\"><h4 class=\"et_pb_toggle_title\">Eigenschaften<\/h4><div class=\"et_pb_toggle_content et_flex_module\"><ul>\n<li>Auszug, Fach mit T\u00fcr und Schloss und Design-Rollen 10 cm<\/li>\n<li>Gestell aus verchromtem Stahlrohr<\/li>\n<li>W\u00e4nde aus Lochblech<\/li>\n<li>Platte und Paneel aus Melaminharz mit Metallfinish<\/li>\n<\/ul>\n<\/div><\/div>\r\n\r\n<div class=\"et_pb_accordion_item_6 et_pb_accordion_item et_pb_toggle et_pb_module et_pb_toggle_close et_flex_module preset--group--divi-accordion-item--divi-font-body--h19rs5u--default preset--module--divi-accordion-item--ptiazzh2tz\"><h4 class=\"et_pb_toggle_title\">Standardfarbe<\/h4><div class=\"et_pb_toggle_content et_flex_module\"><p>Taupe Beige<\/p>\n<\/div><\/div>\r\n\r\n<div class=\"et_pb_accordion_item_7 et_pb_accordion_item et_pb_toggle et_pb_module et_pb_toggle_close et_flex_module preset--group--divi-accordion-item--divi-font-body--h19rs5u--default preset--module--divi-accordion-item--ptiazzh2tz\"><h4 class=\"et_pb_toggle_title\">Abmessungen<\/h4><div class=\"et_pb_toggle_content et_flex_module\"><ul>\n<li>B.\/T.\/H. 65 x 65 x 89\/124 cm<\/li>\n<\/ul>\n<\/div><\/div><\/div><\/div><\/div>\r\n\r\n<div class=\"et_pb_row_5 et_pb_row et_flex_row preset--module--divi-row--eq731or83y\">\r\n\r\n<div class=\"et_pb_column_10 et_pb_column et_flex_column et_pb_css_mix_blend_mode_passthrough et_flex_column_2_5 et_flex_column_2_5_tablet et_flex_column_24_24_phone\">\r\n\r\n<div class=\"et_pb_text_7 et_pb_text et_pb_bg_layout_light et_pb_module et_flex_module preset--group--divi-text--divi-font-header--h1y3ko5--default preset--group--divi-text--divi-font-body--h19rs5u--default preset--group--divi-text--divi-font-body--h1yjkjr--default preset--module--divi-text--default\"><div class=\"et_pb_text_inner\"><h3>Erh\u00f6hungsblende<\/h3>\n<\/div><\/div>\r\n\r\n<div class=\"et_pb_image_4 et_pb_image et_pb_module et_flex_module\"><span class=\"et_pb_image_wrap\"><img decoding=\"async\" src=\"https:\/\/cappuccino.ch\/wp-content\/uploads\/2026\/01\/JUPE-DE-REHAUSSEMENT.png\" title=\"JUPE-DE-REHAUSSEMENT\" width=\"270\" height=\"247\" srcset=\"https:\/\/cappuccino.ch\/wp-content\/uploads\/2026\/01\/JUPE-DE-REHAUSSEMENT.png 270w\" sizes=\"(max-width: 270px) 100vw, 270px\" class=\"wp-image-650\" \/><\/span><\/div><\/div>\r\n\r\n<div class=\"et_pb_column_11 et_pb_column et-last-child et_flex_column et_pb_css_mix_blend_mode_passthrough et_flex_column_3_5 et_flex_column_3_5_tablet et_flex_column_24_24_phone\">\r\n\r\n<div class=\"et_pb_accordion_3 et_pb_accordion et_pb_module et_flex_module preset--group--divi-accordion--divi-font-body--h19rs5u--default preset--module--divi-accordion--p0hxja1g41 preset--module--divi-accordion--s2gn01svnd\">\r\n\r\n<div class=\"et_pb_accordion_item_8 et_pb_accordion_item et_pb_toggle et_pb_module et_pb_toggle_open et_flex_module preset--group--divi-accordion-item--divi-font-body--h19rs5u--default preset--module--divi-accordion-item--ptiazzh2tz\"><h4 class=\"et_pb_toggle_title\">Eigenschaften<\/h4><div class=\"et_pb_toggle_content et_flex_module\"><ul>\n<li>Erh\u00f6hungsblende f\u00fcr gro\u00dfe Beh\u00e4lter<\/li>\n<li>Strukturierte Metallkarosserie<\/li>\n<li>Matte, schmutzabweisende Lackierung<\/li>\n<\/ul>\n<\/div><\/div>\r\n\r\n<div class=\"et_pb_accordion_item_9 et_pb_accordion_item et_pb_toggle et_pb_module et_pb_toggle_close et_flex_module preset--group--divi-accordion-item--divi-font-body--h19rs5u--default preset--module--divi-accordion-item--ptiazzh2tz\"><h4 class=\"et_pb_toggle_title\">Abmessungen<\/h4><div class=\"et_pb_toggle_content et_flex_module\"><ul>\n<li>H\u00f6he 10 cm<\/li>\n<li>H\u00f6he 46 cm f\u00fcr PRESTOLINO EXCEL 846<\/li>\n<\/ul>\n<\/div><\/div><\/div><\/div><\/div>\r\n\r\n<div class=\"et_pb_row_6 et_pb_row et_flex_row preset--module--divi-row--eq731or83y\">\r\n\r\n<div class=\"et_pb_column_12 et_pb_column et_flex_column et_pb_css_mix_blend_mode_passthrough et_flex_column_2_5 et_flex_column_2_5_tablet et_flex_column_24_24_phone\">\r\n\r\n<div class=\"et_pb_text_8 et_pb_text et_pb_bg_layout_light et_pb_module et_flex_module preset--group--divi-text--divi-font-header--h1y3ko5--default preset--group--divi-text--divi-font-body--h19rs5u--default preset--group--divi-text--divi-font-body--h1yjkjr--default preset--module--divi-text--default\"><div class=\"et_pb_text_inner\"><h3>Enth\u00e4rtungsfilter: <br \/>purity c quell st c150<\/h3>\n<\/div><\/div>\r\n\r\n<div class=\"et_pb_image_5 et_pb_image et_pb_module et_flex_module\"><span class=\"et_pb_image_wrap\"><img decoding=\"async\" src=\"https:\/\/cappuccino.ch\/wp-content\/uploads\/2026\/01\/FILTRE-ADOUSSISSEUR-PURITY-C-QUELL-ST-C150-107x300-1.png\" title=\"FILTRE-ADOUSSISSEUR-PURITY-C-QUELL-ST-C150-107x300\" width=\"107\" height=\"300\" srcset=\"https:\/\/cappuccino.ch\/wp-content\/uploads\/2026\/01\/FILTRE-ADOUSSISSEUR-PURITY-C-QUELL-ST-C150-107x300-1.png 107w\" sizes=\"(max-width: 107px) 100vw, 107px\" class=\"wp-image-652\" \/><\/span><\/div><\/div>\r\n\r\n<div class=\"et_pb_column_13 et_pb_column et-last-child et_flex_column et_pb_css_mix_blend_mode_passthrough et_flex_column_3_5 et_flex_column_3_5_tablet et_flex_column_24_24_phone\">\r\n\r\n<div class=\"et_pb_accordion_4 et_pb_accordion et_pb_module et_flex_module preset--group--divi-accordion--divi-font-body--h19rs5u--default preset--module--divi-accordion--p0hxja1g41 preset--module--divi-accordion--s2gn01svnd\">\r\n\r\n<div class=\"et_pb_accordion_item_10 et_pb_accordion_item et_pb_toggle et_pb_module et_pb_toggle_open et_flex_module preset--group--divi-accordion-item--divi-font-body--h19rs5u--default preset--module--divi-accordion-item--ptiazzh2tz\"><h4 class=\"et_pb_toggle_title\">Eigenschaften<\/h4><div class=\"et_pb_toggle_content et_flex_module\"><ul>\n<li>PURITY C Filterkopf 0-70% mit variablem Bypass<\/li>\n<li>Optimale Wasserqualit\u00e4t ohne unangenehme Geruchs- oder Geschmacksstoffe<\/li>\n<li>Maximale Produktsicherheit: st\u00f6rungsfrei, lange Lebensdauer der Ger\u00e4te<\/li>\n<li>Einfache und schnelle Bedienung<\/li>\n<li>IntelliBypass-Technologie<\/li>\n<\/ul>\n<\/div><\/div>\r\n\r\n<div class=\"et_pb_accordion_item_11 et_pb_accordion_item et_pb_toggle et_pb_module et_pb_toggle_close et_flex_module preset--group--divi-accordion-item--divi-font-body--h19rs5u--default preset--module--divi-accordion-item--ptiazzh2tz\"><h4 class=\"et_pb_toggle_title\">Kapazit\u00e4t<\/h4><div class=\"et_pb_toggle_content et_flex_module\"><ul>\n<li>2400 L (20.000 Getr\u00e4nke\/Jahr)<\/li>\n<\/ul>\n<\/div><\/div>\r\n\r\n<div class=\"et_pb_accordion_item_12 et_pb_accordion_item et_pb_toggle et_pb_module et_pb_toggle_close et_flex_module preset--group--divi-accordion-item--divi-font-body--h19rs5u--default preset--module--divi-accordion-item--ptiazzh2tz\"><h4 class=\"et_pb_toggle_title\">Abmessungen<\/h4><div class=\"et_pb_toggle_content et_flex_module\"><ul>\n<li>B.\/T.\/H. 117 x 104 x 417 mm<\/li>\n<\/ul>\n<\/div><\/div><\/div><\/div><\/div>\r\n\r\n<div class=\"et_pb_row_7 et_pb_row et_flex_row preset--module--divi-row--wkqrwqm5sa\">\r\n\r\n<div class=\"et_pb_column_14 et_pb_column et_flex_column et_pb_css_mix_blend_mode_passthrough et_flex_column_2_5 et_flex_column_2_5_tablet et_flex_column_24_24_phone\">\r\n\r\n<div class=\"et_pb_text_9 et_pb_text et_pb_bg_layout_light et_pb_module et_flex_module preset--group--divi-text--divi-font-header--h1y3ko5--default preset--group--divi-text--divi-font-body--h19rs5u--default preset--group--divi-text--divi-font-body--h1yjkjr--default preset--module--divi-text--default\"><div class=\"et_pb_text_inner\"><h3>Enth\u00e4rtungsfilter:<br \/>purity quell st<\/h3>\n<\/div><\/div>\r\n\r\n<div class=\"et_pb_image_6 et_pb_image et_pb_module et_flex_module\"><span class=\"et_pb_image_wrap\"><img decoding=\"async\" src=\"https:\/\/cappuccino.ch\/wp-content\/uploads\/2026\/01\/FILTRES-ADOUSSISSEURS-PURITY-QUELL-ST-300x265-1.png\" title=\"FILTRES-ADOUSSISSEURS-PURITY-QUELL-ST--300x265\" width=\"300\" height=\"265\" srcset=\"https:\/\/cappuccino.ch\/wp-content\/uploads\/2026\/01\/FILTRES-ADOUSSISSEURS-PURITY-QUELL-ST-300x265-1.png 300w\" sizes=\"(max-width: 300px) 100vw, 300px\" class=\"wp-image-651\" \/><\/span><\/div><\/div>\r\n\r\n<div class=\"et_pb_column_15 et_pb_column et-last-child et_flex_column et_pb_css_mix_blend_mode_passthrough et_flex_column_3_5 et_flex_column_3_5_tablet et_flex_column_24_24_phone\">\r\n\r\n<div class=\"et_pb_accordion_5 et_pb_accordion et_pb_module et_flex_module preset--group--divi-accordion--divi-font-body--h19rs5u--default preset--module--divi-accordion--p0hxja1g41 preset--module--divi-accordion--s2gn01svnd\">\r\n\r\n<div class=\"et_pb_accordion_item_13 et_pb_accordion_item et_pb_toggle et_pb_module et_pb_toggle_open et_flex_module preset--group--divi-accordion-item--divi-font-body--h19rs5u--default preset--module--divi-accordion-item--ptiazzh2tz\"><h4 class=\"et_pb_toggle_title\">Eigenschaften<\/h4><div class=\"et_pb_toggle_content et_flex_module\"><ul>\n<li>Kopf mit elektronischem Display<\/li>\n<li>4 Filtrationsstufen<\/li>\n<li>Entfernung von kalkbildenden Stoffen, unangenehmen Geruchs- und Geschmacksstoffen, Chlor und Schwermetallen<\/li>\n<li>Effektive R\u00fcckhaltung gro\u00dfer und kleiner Partikel<\/li>\n<li>IntelliBypass-Technologie<\/li>\n<\/ul>\n<\/div><\/div>\r\n\r\n<div class=\"et_pb_accordion_item_14 et_pb_accordion_item et_pb_toggle et_pb_module et_pb_toggle_close et_flex_module preset--group--divi-accordion-item--divi-font-body--h19rs5u--default preset--module--divi-accordion-item--ptiazzh2tz\"><h4 class=\"et_pb_toggle_title\">Konfigurationen<\/h4><div class=\"et_pb_toggle_content et_flex_module\"><ul>\n<li>PURITY QUELL ST 450<\/li>\n<li>PURITY QUELL ST 600<\/li>\n<li>PURITY QUELL ST 1200<\/li>\n<\/ul>\n<\/div><\/div>\r\n\r\n<div class=\"et_pb_accordion_item_15 et_pb_accordion_item et_pb_toggle et_pb_module et_pb_toggle_close et_flex_module preset--group--divi-accordion-item--divi-font-body--h19rs5u--default preset--module--divi-accordion-item--ptiazzh2tz\"><h4 class=\"et_pb_toggle_title\">Kapazit\u00e4ten<\/h4><div class=\"et_pb_toggle_content et_flex_module\"><ul>\n<li>P 450: 4200 L (35.000 Getr\u00e4nke\/Jahr)<\/li>\n<li>P 600: 7200 L (60.000 Getr\u00e4nke\/Jahr)<\/li>\n<li>P1200: 13200 L (110.000 Getr\u00e4nke\/Jahr)<\/li>\n<\/ul>\n<\/div><\/div>\r\n\r\n<div class=\"et_pb_accordion_item_16 et_pb_accordion_item et_pb_toggle et_pb_module et_pb_toggle_close et_flex_module preset--group--divi-accordion-item--divi-font-body--h19rs5u--default preset--module--divi-accordion-item--ptiazzh2tz\"><h4 class=\"et_pb_toggle_title\">Abmessungen<\/h4><div class=\"et_pb_toggle_content et_flex_module\"><ul>\n<li>P 450: B.\/Durchm. 408 x 249 mm<\/li>\n<li>P 600: B.\/Durchm. 520 x 249 mm<\/li>\n<li>P 1200: B.\/Durchm. 550 x 288 mm<\/li>\n<\/ul>\n<\/div><\/div><\/div><\/div><\/div><\/div>","protected":false},"excerpt":{"rendered":"","protected":false},"author":1,"featured_media":0,"parent":3605,"menu_order":1,"comment_status":"closed","ping_status":"closed","template":"","meta":{"_acf_changed":false,"footnotes":""},"dipi_cpt_category":[],"class_list":["post-3607","page","type-page","status-publish","hentry"],"acf":[],"_links":{"self":[{"href":"https:\/\/cappuccino.ch\/de\/wp-json\/wp\/v2\/pages\/3607","targetHints":{"allow":["GET"]}}],"collection":[{"href":"https:\/\/cappuccino.ch\/de\/wp-json\/wp\/v2\/pages"}],"about":[{"href":"https:\/\/cappuccino.ch\/de\/wp-json\/wp\/v2\/types\/page"}],"author":[{"embeddable":true,"href":"https:\/\/cappuccino.ch\/de\/wp-json\/wp\/v2\/users\/1"}],"replies":[{"embeddable":true,"href":"https:\/\/cappuccino.ch\/de\/wp-json\/wp\/v2\/comments?post=3607"}],"version-history":[{"count":4,"href":"https:\/\/cappuccino.ch\/de\/wp-json\/wp\/v2\/pages\/3607\/revisions"}],"predecessor-version":[{"id":4041,"href":"https:\/\/cappuccino.ch\/de\/wp-json\/wp\/v2\/pages\/3607\/revisions\/4041"}],"up":[{"embeddable":true,"href":"https:\/\/cappuccino.ch\/de\/wp-json\/wp\/v2\/pages\/3605"}],"wp:attachment":[{"href":"https:\/\/cappuccino.ch\/de\/wp-json\/wp\/v2\/media?parent=3607"}],"wp:term":[{"taxonomy":"dipi_cpt_category","embeddable":true,"href":"https:\/\/cappuccino.ch\/de\/wp-json\/wp\/v2\/dipi_cpt_category?post=3607"}],"curies":[{"name":"wp","href":"https:\/\/api.w.org\/{rel}","templated":true}]}}